{"id":906,"date":"2019-05-05T21:31:46","date_gmt":"2019-05-05T19:31:46","guid":{"rendered":"https:\/\/www.greenrooms.at\/hotel-graz\/?page_id=906"},"modified":"2025-02-11T09:41:23","modified_gmt":"2025-02-11T08:41:23","slug":"cheap-and-inexpensive-accommodation-in-graz-greenroms-price-list","status":"publish","type":"page","link":"https:\/\/www.greenrooms.at\/hotel-graz\/en\/cheap-and-inexpensive-accommodation-in-graz-greenroms-price-list\/","title":{"rendered":"Cheap and inexpensive accommodation in Graz &#8211; Greenroms &#8211; Price list"},"content":{"rendered":"<p><div class=\"fusion-fullwidth fullwidth-box fusion-builder-row-1 nonhundred-percent-fullwidth non-hundred-percent-height-scrolling\" style=\"--awb-border-radius-top-left:0px;--awb-border-radius-top-right:0px;--awb-border-radius-bottom-right:0px;--awb-border-radius-bottom-left:0px;--awb-margin-top:20px;--awb-margin-bottom:20px;--awb-flex-wrap:wrap;\" ><div class=\"fusion-builder-row fusion-row\"><div class=\"fusion-layout-column fusion_builder_column fusion-builder-column-0 fusion_builder_column_3_4 3_4 fusion-three-fourth fusion-column-first\" style=\"--awb-bg-size:cover;width:75%;width:calc(75% - ( ( 4% ) * 0.75 ) );margin-right: 4%;\"><div class=\"fusion-column-wrapper fusion-column-has-shadow fusion-flex-column-wrapper-legacy\"><div class=\"fusion-title title fusion-title-1 sep-underline sep-solid fusion-title-text fusion-title-size-one\" style=\"--awb-text-color:#71ae29;--awb-margin-bottom:20px;--awb-sep-color:#373f43;\"><h1 class=\"fusion-title-heading title-heading-left\" style=\"margin:0;\">Hotel Greenrooms &#8211; Pricelist<\/h1><\/div><div class=\"fusion-text fusion-text-1\"><p class=\"promoHeadline\">Hotel Greenrooms &#8211; the inexpensive business hotel in Graz<\/p>\n<p class=\"myNormalText\">Who knows our hotel, is surprised about the prices, which are very favorable, about the prices. Book now and benefit from our early bird discounts.<\/p>\n<\/div><ul style=\"--awb-size:16px;--awb-line-height:27.2px;--awb-icon-width:27.2px;--awb-icon-height:27.2px;--awb-icon-margin:11.2px;--awb-content-margin:38.4px;--awb-circlecolor:#71ae29;--awb-circle-yes-font-size:14.08px;\" class=\"fusion-checklist fusion-checklist-1 fusion-checklist-default type-icons\"><li class=\"fusion-li-item\" style=\"\"><span class=\"icon-wrapper circle-yes\"><i class=\"fusion-li-icon fa-check fas\" aria-hidden=\"true\"><\/i><\/span><div class=\"fusion-li-item-content\">\n<div class=\"myDogListItem\">Parking spaces are available for guests free of charge!<\/div>\n<\/div><\/li><li class=\"fusion-li-item\" style=\"\"><span class=\"icon-wrapper circle-yes\"><i class=\"fusion-li-icon fa-check fas\" aria-hidden=\"true\"><\/i><\/span><div class=\"fusion-li-item-content\">\n<div class=\"myDogListItem\">Your four-legged friend sleeps completely free of charge!<\/div>\n<\/div><\/li><li class=\"fusion-li-item\" style=\"\"><span class=\"icon-wrapper circle-yes\"><i class=\"fusion-li-icon fa-check fas\" aria-hidden=\"true\"><\/i><\/span><div class=\"fusion-li-item-content\">\n<div class=\"myDogListItem\">Prices incl. Internet | excl. breakfast (can be booked on site) | excl. local tax \u20ac 2,50 p.p.<\/div>\n<\/div><\/li><li class=\"fusion-li-item\" style=\"\"><span class=\"icon-wrapper circle-yes\"><i class=\"fusion-li-icon fa-check fas\" aria-hidden=\"true\"><\/i><\/span><div class=\"fusion-li-item-content\">\n<div class=\"myDogListItem\">Breakfast buffet for only \u20ac 16,90 for hotel guests (Price for external persons: \u20ac 16,90)<\/div>\n<\/div><\/li><\/ul><div class=\"fusion-text fusion-text-2\"><p class=\"mySmallText\">*Please note that prices may vary depending on the period. For exact price information, please contact us by phone: +43 316 29 15 18 or by e-mail: office@greenrooms.at<\/p>\n<\/div><div class=\"fusion-clearfix\"><\/div><\/div><\/div><div class=\"fusion-layout-column fusion_builder_column fusion-builder-column-1 fusion_builder_column_1_4 1_4 fusion-one-fourth fusion-column-last\" style=\"--awb-bg-size:cover;--awb-box-shadow: 0px 0px ;;--awb-border-color:#000000;--awb-border-top:0;--awb-border-right:0;--awb-border-bottom:0;--awb-border-left:0;--awb-border-style:solid;--awb-margin-top:30px;--awb-margin-bottom:0px;width:25%;width:calc(25% - ( ( 4% ) * 0.25 ) );\"><div class=\"fusion-column-wrapper fusion-column-has-shadow fusion-flex-column-wrapper-legacy\"><div class=\"fusion-image-element fusion-image-align-center in-legacy-container\" style=\"text-align:center;--awb-caption-title-font-family:var(--h2_typography-font-family);--awb-caption-title-font-weight:var(--h2_typography-font-weight);--awb-caption-title-font-style:var(--h2_typography-font-style);--awb-caption-title-size:var(--h2_typography-font-size);--awb-caption-title-transform:var(--h2_typography-text-transform);--awb-caption-title-line-height:var(--h2_typography-line-height);--awb-caption-title-letter-spacing:var(--h2_typography-letter-spacing);\"><div class=\"imageframe-align-center\"><span class=\" fusion-imageframe imageframe-none imageframe-1 hover-type-none fusion-animated\" data-animationType=\"fadeIn\" data-animationDuration=\"1.0\" data-animationOffset=\"top-into-view\"><a class=\"fusion-no-lightbox\" href=\"https:\/\/www.greenrooms.at\/hotel-graz\/en\/hotel-graz-online-booking-direct-booking-hotel-greenrooms-styria-austria\/\" target=\"_self\" aria-label=\"direct-booking-hotel-greenrooms\"><img decoding=\"async\" width=\"300\" height=\"200\" alt=\"DIRECT BOOKING - HOTEL GREENROOMS\" src=\"https:\/\/www.greenrooms.at\/hotel-graz\/wp-content\/uploads\/2019\/05\/direct-booking-hotel-greenrooms.jpg\" data-orig-src=\"https:\/\/www.greenrooms.at\/hotel-graz\/wp-content\/uploads\/2019\/05\/direct-booking-hotel-greenrooms.jpg\" class=\"lazyload img-responsive wp-image-1047\" srcset=\"data:image\/svg+xml,%3Csvg%20xmlns%3D%27http%3A%2F%2Fwww.w3.org%2F2000%2Fsvg%27%20width%3D%27300%27%20height%3D%27200%27%20viewBox%3D%270%200%20300%20200%27%3E%3Crect%20width%3D%27300%27%20height%3D%27200%27%20fill-opacity%3D%220%22%2F%3E%3C%2Fsvg%3E\" data-srcset=\"https:\/\/www.greenrooms.at\/hotel-graz\/wp-content\/uploads\/2019\/05\/direct-booking-hotel-greenrooms-200x133.jpg 200w, https:\/\/www.greenrooms.at\/hotel-graz\/wp-content\/uploads\/2019\/05\/direct-booking-hotel-greenrooms.jpg 300w\" data-sizes=\"auto\" data-orig-sizes=\"(max-width: 800px) 100vw, 300px\" \/><\/a><\/span><\/div><\/div><div class=\"fusion-sep-clear\"><\/div><div class=\"fusion-separator fusion-full-width-sep\" style=\"margin-left: auto;margin-right: auto;margin-top:5px;width:100%;\"><\/div><div class=\"fusion-sep-clear\"><\/div><div class=\"fusion-align-block\"><a class=\"fusion-button button-flat button-small button-custom fusion-button-default button-1 fusion-button-span-yes \" style=\"--button_accent_color:#ffffff;--button_accent_hover_color:#ffffff;--button_border_hover_color:#ffffff;--button-border-radius-top-left:25px;--button-border-radius-top-right:25px;--button-border-radius-bottom-right:25px;--button-border-radius-bottom-left:25px;--button_gradient_top_color:#373f43;--button_gradient_bottom_color:#373f43;--button_gradient_top_color_hover:#71ae29;--button_gradient_bottom_color_hover:#71ae29;--button_text_transform:none;\" target=\"_self\" href=\"https:\/\/www.greenrooms.at\/hotel-graz\/en\/hotel-graz-online-booking-direct-booking-hotel-greenrooms-styria-austria\/\"><span class=\"fusion-button-text fusion-button-text-right\">DIRECT BOOKING<\/span><span class=\"fusion-button-icon-divider button-icon-divider-right\"><i class=\"fa-arrow-circle-right fas\" aria-hidden=\"true\"><\/i><\/span><\/a><\/div><div class=\"fusion-sep-clear\"><\/div><div class=\"fusion-separator fusion-full-width-sep\" style=\"margin-left: auto;margin-right: auto;margin-top:50px;width:100%;\"><\/div><div class=\"fusion-sep-clear\"><\/div><div class=\"fusion-image-element fusion-image-align-center in-legacy-container\" style=\"text-align:center;--awb-caption-title-font-family:var(--h2_typography-font-family);--awb-caption-title-font-weight:var(--h2_typography-font-weight);--awb-caption-title-font-style:var(--h2_typography-font-style);--awb-caption-title-size:var(--h2_typography-font-size);--awb-caption-title-transform:var(--h2_typography-text-transform);--awb-caption-title-line-height:var(--h2_typography-line-height);--awb-caption-title-letter-spacing:var(--h2_typography-letter-spacing);\"><div class=\"imageframe-align-center\"><span class=\" fusion-imageframe imageframe-none imageframe-2 hover-type-none fusion-animated\" data-animationType=\"fadeIn\" data-animationDuration=\"1.0\" data-animationOffset=\"top-into-view\"><a class=\"fusion-no-lightbox\" href=\"https:\/\/www.greenrooms.at\/hotel-graz\/en\/free-parking-hotel-graz-free-parking-space\/\" target=\"_self\" aria-label=\"gratis-parking-hotel-greenrooms\"><img decoding=\"async\" width=\"300\" height=\"200\" alt=\"Free parking - Hotel Greenrooms\" src=\"https:\/\/www.greenrooms.at\/hotel-graz\/wp-content\/uploads\/2019\/05\/gratis-parking-hotel-greenrooms.jpg\" data-orig-src=\"https:\/\/www.greenrooms.at\/hotel-graz\/wp-content\/uploads\/2019\/05\/gratis-parking-hotel-greenrooms.jpg\" class=\"lazyload img-responsive wp-image-1049\" srcset=\"data:image\/svg+xml,%3Csvg%20xmlns%3D%27http%3A%2F%2Fwww.w3.org%2F2000%2Fsvg%27%20width%3D%27300%27%20height%3D%27200%27%20viewBox%3D%270%200%20300%20200%27%3E%3Crect%20width%3D%27300%27%20height%3D%27200%27%20fill-opacity%3D%220%22%2F%3E%3C%2Fsvg%3E\" data-srcset=\"https:\/\/www.greenrooms.at\/hotel-graz\/wp-content\/uploads\/2019\/05\/gratis-parking-hotel-greenrooms-200x133.jpg 200w, https:\/\/www.greenrooms.at\/hotel-graz\/wp-content\/uploads\/2019\/05\/gratis-parking-hotel-greenrooms.jpg 300w\" data-sizes=\"auto\" data-orig-sizes=\"(max-width: 800px) 100vw, 300px\" \/><\/a><\/span><\/div><\/div><div class=\"fusion-sep-clear\"><\/div><div class=\"fusion-separator fusion-full-width-sep\" style=\"margin-left: auto;margin-right: auto;margin-top:5px;width:100%;\"><\/div><div class=\"fusion-sep-clear\"><\/div><div class=\"fusion-align-block\"><a class=\"fusion-button button-flat button-small button-custom fusion-button-default button-2 fusion-button-span-yes \" style=\"--button_accent_color:#ffffff;--button_accent_hover_color:#ffffff;--button_border_hover_color:#ffffff;--button-border-radius-top-left:25px;--button-border-radius-top-right:25px;--button-border-radius-bottom-right:25px;--button-border-radius-bottom-left:25px;--button_gradient_top_color:#71ae29;--button_gradient_bottom_color:#71ae29;--button_gradient_top_color_hover:#373f43;--button_gradient_bottom_color_hover:#373f43;\" target=\"_self\" href=\"https:\/\/www.greenrooms.at\/hotel-graz\/en\/free-parking-hotel-graz-free-parking-space\/\"><span class=\"fusion-button-text fusion-button-text-right\">LEARN MORE<\/span><span class=\"fusion-button-icon-divider button-icon-divider-right\"><i class=\"fa-arrow-circle-right fas\" aria-hidden=\"true\"><\/i><\/span><\/a><\/div><div class=\"fusion-sep-clear\"><\/div><div class=\"fusion-separator fusion-full-width-sep\" style=\"margin-left: auto;margin-right: auto;margin-top:50px;width:100%;\"><\/div><div class=\"fusion-sep-clear\"><\/div><div class=\"fusion-image-element fusion-image-align-center in-legacy-container\" style=\"text-align:center;--awb-caption-title-font-family:var(--h2_typography-font-family);--awb-caption-title-font-weight:var(--h2_typography-font-weight);--awb-caption-title-font-style:var(--h2_typography-font-style);--awb-caption-title-size:var(--h2_typography-font-size);--awb-caption-title-transform:var(--h2_typography-text-transform);--awb-caption-title-line-height:var(--h2_typography-line-height);--awb-caption-title-letter-spacing:var(--h2_typography-letter-spacing);\"><div class=\"imageframe-align-center\"><span class=\" fusion-imageframe imageframe-none imageframe-3 hover-type-none fusion-animated\" data-animationType=\"fadeIn\" data-animationDuration=\"1.0\" data-animationOffset=\"top-into-view\"><a class=\"fusion-no-lightbox\" href=\"https:\/\/www.greenrooms.at\/hotel-graz\/en\/hotel-greenrooms-dog-special-free-accommodation-for-dogs-graz-austria\/\" target=\"_self\" aria-label=\"dogs-stay-overnight-free-of-charge-im-hotel-greenrooms\"><img decoding=\"async\" width=\"300\" height=\"200\" alt=\"Hotel Greenrooms: Dogs stay overnight completely free of charge\" src=\"https:\/\/www.greenrooms.at\/hotel-graz\/wp-content\/uploads\/2019\/05\/dogs-stay-overnight-free-of-charge-im-hotel-greenrooms.jpg\" data-orig-src=\"https:\/\/www.greenrooms.at\/hotel-graz\/wp-content\/uploads\/2019\/05\/dogs-stay-overnight-free-of-charge-im-hotel-greenrooms.jpg\" class=\"lazyload img-responsive wp-image-1051\" srcset=\"data:image\/svg+xml,%3Csvg%20xmlns%3D%27http%3A%2F%2Fwww.w3.org%2F2000%2Fsvg%27%20width%3D%27300%27%20height%3D%27200%27%20viewBox%3D%270%200%20300%20200%27%3E%3Crect%20width%3D%27300%27%20height%3D%27200%27%20fill-opacity%3D%220%22%2F%3E%3C%2Fsvg%3E\" data-srcset=\"https:\/\/www.greenrooms.at\/hotel-graz\/wp-content\/uploads\/2019\/05\/dogs-stay-overnight-free-of-charge-im-hotel-greenrooms-200x133.jpg 200w, https:\/\/www.greenrooms.at\/hotel-graz\/wp-content\/uploads\/2019\/05\/dogs-stay-overnight-free-of-charge-im-hotel-greenrooms.jpg 300w\" data-sizes=\"auto\" data-orig-sizes=\"(max-width: 800px) 100vw, 300px\" \/><\/a><\/span><\/div><\/div><div class=\"fusion-sep-clear\"><\/div><div class=\"fusion-separator fusion-full-width-sep\" style=\"margin-left: auto;margin-right: auto;margin-top:5px;width:100%;\"><\/div><div class=\"fusion-sep-clear\"><\/div><div class=\"fusion-align-block\"><a class=\"fusion-button button-flat button-small button-custom fusion-button-default button-3 fusion-button-span-yes \" style=\"--button_accent_color:#ffffff;--button_accent_hover_color:#ffffff;--button_border_hover_color:#ffffff;--button-border-radius-top-left:25px;--button-border-radius-top-right:25px;--button-border-radius-bottom-right:25px;--button-border-radius-bottom-left:25px;--button_gradient_top_color:#373f43;--button_gradient_bottom_color:#373f43;--button_gradient_top_color_hover:#71ae29;--button_gradient_bottom_color_hover:#71ae29;\" target=\"_self\" href=\"https:\/\/www.greenrooms.at\/hotel-graz\/en\/hotel-greenrooms-dog-special-free-accommodation-for-dogs-graz-austria\/\"><span class=\"fusion-button-text fusion-button-text-right\">LEARN MORE<\/span><span class=\"fusion-button-icon-divider button-icon-divider-right\"><i class=\"fa-arrow-circle-right fas\" aria-hidden=\"true\"><\/i><\/span><\/a><\/div><div class=\"fusion-sep-clear\"><\/div><div class=\"fusion-separator fusion-full-width-sep\" style=\"margin-left: auto;margin-right: auto;margin-top:50px;width:100%;\"><\/div><div class=\"fusion-sep-clear\"><\/div><div class=\"fusion-clearfix\"><\/div><\/div><\/div>\n<\/div><\/div><div class=\"fusion-fullwidth fullwidth-box fusion-builder-row-2 hundred-percent-fullwidth non-hundred-percent-height-scrolling\" style=\"--awb-border-sizes-top:0px;--awb-border-sizes-bottom:0px;--awb-border-sizes-left:0px;--awb-border-sizes-right:0px;--awb-border-color:#000000;--awb-border-radius-top-left:0px;--awb-border-radius-top-right:0px;--awb-border-radius-bottom-right:0px;--awb-border-radius-bottom-left:0px;--awb-padding-top:0px;--awb-padding-right:0px;--awb-padding-bottom:0px;--awb-padding-left:0px;--awb-margin-top:10px;--awb-margin-bottom:0px;--awb-flex-wrap:wrap;\" ><div class=\"fusion-builder-row fusion-row\"><div class=\"fusion-layout-column fusion_builder_column fusion-builder-column-2 fusion_builder_column_1_1 1_1 fusion-one-full fusion-column-first fusion-column-last\" style=\"--awb-bg-size:cover;--awb-margin-bottom:0px;\"><div class=\"fusion-column-wrapper fusion-column-has-shadow fusion-flex-column-wrapper-legacy\">\t\t\t\t\t<script type=\"text\/javascript\">\n\t\t\t\t\t\tvar map_fusion_map_69d1dd1de3cba;\n\t\t\t\t\t\tvar markers = [];\n\t\t\t\t\t\tvar counter = 0;\n\t\t\t\t\t\t\t\t\t\t\t\t\t\t\t\t\t\t\t\tvar fusionMapNonce = '0fa6e0e533';\n\t\t\t\t\t\t\t\t\t\t\t\tfunction fusion_run_map_fusion_map_69d1dd1de3cba() {\n\t\t\t\t\t\t\tjQuery('#fusion_map_69d1dd1de3cba').fusion_maps({\n\t\t\t\t\t\t\t\taddresses: [{\"address\":\"Rudersdorfer Stra\\u00dfe 7, 8055 Graz, \\u00d6sterreich\",\"infobox_content\":\"Rudersdorfer Stra\\u00dfe 7, 8055 Graz, \\u00d6sterreich\",\"coordinates\":false,\"cache\":true,\"latitude\":\"47.0317028\",\"longitude\":\"15.442026800000008\"}],\n\t\t\t\t\t\t\t\tanimations: true,\n\t\t\t\t\t\t\t\tinfobox_background_color: '',\n\t\t\t\t\t\t\t\tinfobox_styling: 'default',\n\t\t\t\t\t\t\t\tinfobox_text_color: '',\n\t\t\t\t\t\t\t\tmap_style: 'default',\n\t\t\t\t\t\t\t\tmap_type: 'roadmap',\n\t\t\t\t\t\t\t\tmarker_icon: '',\n\t\t\t\t\t\t\t\toverlay_color: '',\n\t\t\t\t\t\t\t\toverlay_color_hsl: {\"hue\":0,\"sat\":0,\"lum\":100},\n\t\t\t\t\t\t\t\tpan_control: true,\n\t\t\t\t\t\t\t\tshow_address: true,\n\t\t\t\t\t\t\t\tscale_control: true,\n\t\t\t\t\t\t\t\tscrollwheel: false,\n\t\t\t\t\t\t\t\tzoom: 13,\n\t\t\t\t\t\t\t\tzoom_control: true,\n\t\t\t\t\t\t\t});\n\t\t\t\t\t\t}\n\n\t\t\t\t\t\tgoogle.maps.event.addDomListener(window, 'load', fusion_run_map_fusion_map_69d1dd1de3cba);\n\t\t\t\t\t<\/script>\n\t\t\t\t\t<div class=\"shortcode-map fusion-google-map fusion-maps-js-type\" style=\"--awb-height:415px;\" id=\"fusion_map_69d1dd1de3cba\"><\/div><div class=\"fusion-clearfix\"><\/div><\/div><\/div><\/div><\/div>\n<\/p>\n","protected":false},"excerpt":{"rendered":"","protected":false},"author":1,"featured_media":0,"parent":0,"menu_order":0,"comment_status":"closed","ping_status":"closed","template":"100-width.php","meta":{"_acf_changed":false,"footnotes":""},"class_list":["post-906","page","type-page","status-publish","hentry"],"acf":[],"yoast_head":"<!-- This site is optimized with the Yoast SEO plugin v23.1 - https:\/\/yoast.com\/wordpress\/plugins\/seo\/ -->\n<title>Hotel Graz Zimmerpreise - Preisliste des Grazer Hotels Greenrooms<\/title>\n<meta name=\"description\" content=\"Hotel Graz Puntigam - Hunde gratis \u00dcbernachtung - Flughafen N\u00e4he - gratis parken - Preisliste Greenrooms - Steiermark - \u00d6sterreich\" \/>\n<meta name=\"robots\" content=\"index, follow, max-snippet:-1, max-image-preview:large, max-video-preview:-1\" \/>\n<link rel=\"canonical\" href=\"https:\/\/www.greenrooms.at\/hotel-graz\/cheap-and-inexpensive-accommodation-in-graz-greenroms-price-list\/\" \/>\n<meta property=\"og:locale\" content=\"de_DE\" \/>\n<meta property=\"og:type\" content=\"article\" \/>\n<meta property=\"og:title\" content=\"Hotel Graz Zimmerpreise - Preisliste des Grazer Hotels Greenrooms\" \/>\n<meta property=\"og:description\" content=\"Hotel Graz Puntigam - Hunde gratis \u00dcbernachtung - Flughafen N\u00e4he - gratis parken - Preisliste Greenrooms - Steiermark - \u00d6sterreich\" \/>\n<meta property=\"og:url\" content=\"https:\/\/www.greenrooms.at\/hotel-graz\/en\/cheap-and-inexpensive-accommodation-in-graz-greenroms-price-list\/\" \/>\n<meta property=\"og:site_name\" content=\"Hotel Graz mit gratis Parkplatz\" \/>\n<meta property=\"article:modified_time\" content=\"2025-02-11T08:41:23+00:00\" \/>\n<meta name=\"twitter:card\" content=\"summary_large_image\" \/>\n<meta name=\"twitter:label1\" content=\"Gesch\u00e4tzte Lesezeit\" \/>\n\t<meta name=\"twitter:data1\" content=\"2\u00a0Minuten\" \/>\n<script type=\"application\/ld+json\" class=\"yoast-schema-graph\">{\"@context\":\"https:\/\/schema.org\",\"@graph\":[{\"@type\":\"WebPage\",\"@id\":\"https:\/\/www.greenrooms.at\/hotel-graz\/en\/cheap-and-inexpensive-accommodation-in-graz-greenroms-price-list\/\",\"url\":\"https:\/\/www.greenrooms.at\/hotel-graz\/en\/cheap-and-inexpensive-accommodation-in-graz-greenroms-price-list\/\",\"name\":\"Hotel Graz Zimmerpreise - Preisliste des Grazer Hotels Greenrooms\",\"isPartOf\":{\"@id\":\"https:\/\/www.greenrooms.at\/hotel-graz\/#website\"},\"datePublished\":\"2019-05-05T19:31:46+00:00\",\"dateModified\":\"2025-02-11T08:41:23+00:00\",\"description\":\"Hotel Graz Puntigam - Hunde gratis \u00dcbernachtung - Flughafen N\u00e4he - gratis parken - Preisliste Greenrooms - Steiermark - \u00d6sterreich\",\"breadcrumb\":{\"@id\":\"https:\/\/www.greenrooms.at\/hotel-graz\/en\/cheap-and-inexpensive-accommodation-in-graz-greenroms-price-list\/#breadcrumb\"},\"inLanguage\":\"de\",\"potentialAction\":[{\"@type\":\"ReadAction\",\"target\":[\"https:\/\/www.greenrooms.at\/hotel-graz\/en\/cheap-and-inexpensive-accommodation-in-graz-greenroms-price-list\/\"]}]},{\"@type\":\"BreadcrumbList\",\"@id\":\"https:\/\/www.greenrooms.at\/hotel-graz\/en\/cheap-and-inexpensive-accommodation-in-graz-greenroms-price-list\/#breadcrumb\",\"itemListElement\":[{\"@type\":\"ListItem\",\"position\":1,\"name\":\"Startseite\",\"item\":\"https:\/\/www.greenrooms.at\/hotel-graz\/\"},{\"@type\":\"ListItem\",\"position\":2,\"name\":\"Cheap and inexpensive accommodation in Graz &#8211; Greenroms &#8211; Price list\"}]},{\"@type\":\"WebSite\",\"@id\":\"https:\/\/www.greenrooms.at\/hotel-graz\/#website\",\"url\":\"https:\/\/www.greenrooms.at\/hotel-graz\/\",\"name\":\"Hotel Graz mit gratis Parkplatz\",\"description\":\"Greenrooms: das Grazer Hotel mit vielen Extras\",\"potentialAction\":[{\"@type\":\"SearchAction\",\"target\":{\"@type\":\"EntryPoint\",\"urlTemplate\":\"https:\/\/www.greenrooms.at\/hotel-graz\/?s={search_term_string}\"},\"query-input\":\"required name=search_term_string\"}],\"inLanguage\":\"de\"}]}<\/script>\n<!-- \/ Yoast SEO plugin. -->","yoast_head_json":{"title":"Hotel Graz Zimmerpreise - Preisliste des Grazer Hotels Greenrooms","description":"Hotel Graz Puntigam - Hunde gratis \u00dcbernachtung - Flughafen N\u00e4he - gratis parken - Preisliste Greenrooms - Steiermark - \u00d6sterreich","robots":{"index":"index","follow":"follow","max-snippet":"max-snippet:-1","max-image-preview":"max-image-preview:large","max-video-preview":"max-video-preview:-1"},"canonical":"https:\/\/www.greenrooms.at\/hotel-graz\/cheap-and-inexpensive-accommodation-in-graz-greenroms-price-list\/","og_locale":"de_DE","og_type":"article","og_title":"Hotel Graz Zimmerpreise - Preisliste des Grazer Hotels Greenrooms","og_description":"Hotel Graz Puntigam - Hunde gratis \u00dcbernachtung - Flughafen N\u00e4he - gratis parken - Preisliste Greenrooms - Steiermark - \u00d6sterreich","og_url":"https:\/\/www.greenrooms.at\/hotel-graz\/en\/cheap-and-inexpensive-accommodation-in-graz-greenroms-price-list\/","og_site_name":"Hotel Graz mit gratis Parkplatz","article_modified_time":"2025-02-11T08:41:23+00:00","twitter_card":"summary_large_image","twitter_misc":{"Gesch\u00e4tzte Lesezeit":"2\u00a0Minuten"},"schema":{"@context":"https:\/\/schema.org","@graph":[{"@type":"WebPage","@id":"https:\/\/www.greenrooms.at\/hotel-graz\/en\/cheap-and-inexpensive-accommodation-in-graz-greenroms-price-list\/","url":"https:\/\/www.greenrooms.at\/hotel-graz\/en\/cheap-and-inexpensive-accommodation-in-graz-greenroms-price-list\/","name":"Hotel Graz Zimmerpreise - Preisliste des Grazer Hotels Greenrooms","isPartOf":{"@id":"https:\/\/www.greenrooms.at\/hotel-graz\/#website"},"datePublished":"2019-05-05T19:31:46+00:00","dateModified":"2025-02-11T08:41:23+00:00","description":"Hotel Graz Puntigam - Hunde gratis \u00dcbernachtung - Flughafen N\u00e4he - gratis parken - Preisliste Greenrooms - Steiermark - \u00d6sterreich","breadcrumb":{"@id":"https:\/\/www.greenrooms.at\/hotel-graz\/en\/cheap-and-inexpensive-accommodation-in-graz-greenroms-price-list\/#breadcrumb"},"inLanguage":"de","potentialAction":[{"@type":"ReadAction","target":["https:\/\/www.greenrooms.at\/hotel-graz\/en\/cheap-and-inexpensive-accommodation-in-graz-greenroms-price-list\/"]}]},{"@type":"BreadcrumbList","@id":"https:\/\/www.greenrooms.at\/hotel-graz\/en\/cheap-and-inexpensive-accommodation-in-graz-greenroms-price-list\/#breadcrumb","itemListElement":[{"@type":"ListItem","position":1,"name":"Startseite","item":"https:\/\/www.greenrooms.at\/hotel-graz\/"},{"@type":"ListItem","position":2,"name":"Cheap and inexpensive accommodation in Graz &#8211; Greenroms &#8211; Price list"}]},{"@type":"WebSite","@id":"https:\/\/www.greenrooms.at\/hotel-graz\/#website","url":"https:\/\/www.greenrooms.at\/hotel-graz\/","name":"Hotel Graz mit gratis Parkplatz","description":"Greenrooms: das Grazer Hotel mit vielen Extras","potentialAction":[{"@type":"SearchAction","target":{"@type":"EntryPoint","urlTemplate":"https:\/\/www.greenrooms.at\/hotel-graz\/?s={search_term_string}"},"query-input":"required name=search_term_string"}],"inLanguage":"de"}]}},"_links":{"self":[{"href":"https:\/\/www.greenrooms.at\/hotel-graz\/wp-json\/wp\/v2\/pages\/906"}],"collection":[{"href":"https:\/\/www.greenrooms.at\/hotel-graz\/wp-json\/wp\/v2\/pages"}],"about":[{"href":"https:\/\/www.greenrooms.at\/hotel-graz\/wp-json\/wp\/v2\/types\/page"}],"author":[{"embeddable":true,"href":"https:\/\/www.greenrooms.at\/hotel-graz\/wp-json\/wp\/v2\/users\/1"}],"replies":[{"embeddable":true,"href":"https:\/\/www.greenrooms.at\/hotel-graz\/wp-json\/wp\/v2\/comments?post=906"}],"version-history":[{"count":16,"href":"https:\/\/www.greenrooms.at\/hotel-graz\/wp-json\/wp\/v2\/pages\/906\/revisions"}],"predecessor-version":[{"id":1961,"href":"https:\/\/www.greenrooms.at\/hotel-graz\/wp-json\/wp\/v2\/pages\/906\/revisions\/1961"}],"wp:attachment":[{"href":"https:\/\/www.greenrooms.at\/hotel-graz\/wp-json\/wp\/v2\/media?parent=906"}],"curies":[{"name":"wp","href":"https:\/\/api.w.org\/{rel}","templated":true}]}}