{"id":569,"date":"2019-04-10T20:20:04","date_gmt":"2019-04-10T18:20:04","guid":{"rendered":"https:\/\/www.greenrooms.at\/hotel-graz\/?page_id=569"},"modified":"2019-07-23T22:00:09","modified_gmt":"2019-07-23T20:00:09","slug":"top-angebote-hotel-greenrooms-graz","status":"publish","type":"page","link":"https:\/\/www.greenrooms.at\/hotel-graz\/top-angebote-hotel-greenrooms-graz\/","title":{"rendered":"Top Angebote &#8211; Hotel Greenrooms Graz"},"content":{"rendered":"<p><div class=\"fusion-fullwidth fullwidth-box fusion-builder-row-1 nonhundred-percent-fullwidth non-hundred-percent-height-scrolling\" style=\"--awb-border-radius-top-left:0px;--awb-border-radius-top-right:0px;--awb-border-radius-bottom-right:0px;--awb-border-radius-bottom-left:0px;--awb-padding-top:20px;--awb-flex-wrap:wrap;\" ><div class=\"fusion-builder-row fusion-row\"><div class=\"fusion-layout-column fusion_builder_column fusion-builder-column-0 fusion_builder_column_1_1 1_1 fusion-one-full fusion-column-first fusion-column-last\" style=\"--awb-bg-size:cover;\"><div class=\"fusion-column-wrapper fusion-column-has-shadow fusion-flex-column-wrapper-legacy\"><div class=\"fusion-title title fusion-title-1 sep-underline sep-solid fusion-title-text fusion-title-size-two\" style=\"--awb-text-color:#71ae29;--awb-margin-bottom:20px;--awb-sep-color:#373f43;\"><h2 class=\"fusion-title-heading title-heading-left\" style=\"margin:0;\">HOTEL GRAZ ANGEBOTE: HOTEL GREENROOMS<\/h2><\/div><div class=\"fusion-text fusion-text-1\"><p class=\"myBoldText\">Sichern Sie sich Ihren Preisvorteil! (Teilweise limitierte Kontigente)<\/p>\n<\/div><div class=\"fusion-clearfix\"><\/div><\/div><\/div><\/div><\/div><div class=\"fusion-fullwidth fullwidth-box fusion-builder-row-2 nonhundred-percent-fullwidth non-hundred-percent-height-scrolling\" style=\"--awb-border-radius-top-left:0px;--awb-border-radius-top-right:0px;--awb-border-radius-bottom-right:0px;--awb-border-radius-bottom-left:0px;--awb-flex-wrap:wrap;\" ><div class=\"fusion-builder-row fusion-row\"><div class=\"fusion-layout-column fusion_builder_column fusion-builder-column-1 fusion_builder_column_1_1 1_1 fusion-one-full fusion-column-first fusion-column-last\" style=\"--awb-bg-size:cover;\"><div class=\"fusion-column-wrapper fusion-column-has-shadow fusion-flex-column-wrapper-legacy\"><div class=\"fusion-blog-shortcode fusion-blog-shortcode-1 fusion-blog-archive fusion-blog-layout-grid-wrapper fusion-blog-infinite fusion-blog-layout-center\"><style type=\"text\/css\">.fusion-blog-shortcode-1 .fusion-blog-layout-grid .fusion-post-grid{padding:10px;}.fusion-blog-shortcode-1 .fusion-posts-container{margin-left: -10px !important; margin-right:-10px !important;}<\/style><div class=\"fusion-posts-container fusion-posts-container-infinite fusion-no-meta-info fusion-blog-rollover fusion-blog-layout-grid fusion-blog-layout-grid-3 isotope fusion-blog-equal-heights\" data-pages=\"1\" data-grid-col-space=\"20\" style=\"margin: -10px -10px 0;min-height:500px;\"><article id=\"blog-1-post-1512\" class=\"fusion-post-grid post-1512 post type-post status-publish format-standard has-post-thumbnail hentry category-top-angebote tag-hotel-graz tag-uebernachtung-in-graz tag-wochenend-angebot\">\n<div class=\"fusion-post-wrapper\" style=\"background-color:rgba(255,255,255,0);border:1px solid #ebeaea;border-bottom-width:3px;\">\n\n\t\t\t<div class=\"fusion-flexslider flexslider fusion-flexslider-loading fusion-post-slideshow\" style=\"border-color:#ebeaea;\">\n\t\t<ul class=\"slides\">\n\t\t\t\n\t\t\t\t\t\t\t\t\t\t\t\t\t\t<li><div  class=\"fusion-image-wrapper\" aria-haspopup=\"true\">\n\t\t\t\t<img decoding=\"async\" width=\"1000\" height=\"563\" src=\"https:\/\/www.greenrooms.at\/hotel-graz\/wp-content\/uploads\/2019\/12\/angebot-hotel-graz-greenrooms-gruppenreisen-busreisen.jpg\" class=\"attachment-full size-full lazyload wp-post-image\" alt=\"Gruppenreisen und Busreisen nach Graz - Hotel Greenrooms Graz\" srcset=\"data:image\/svg+xml,%3Csvg%20xmlns%3D%27http%3A%2F%2Fwww.w3.org%2F2000%2Fsvg%27%20width%3D%271000%27%20height%3D%27563%27%20viewBox%3D%270%200%201000%20563%27%3E%3Crect%20width%3D%271000%27%20height%3D%27563%27%20fill-opacity%3D%220%22%2F%3E%3C%2Fsvg%3E\" data-orig-src=\"https:\/\/www.greenrooms.at\/hotel-graz\/wp-content\/uploads\/2019\/12\/angebot-hotel-graz-greenrooms-gruppenreisen-busreisen.jpg\" data-srcset=\"https:\/\/www.greenrooms.at\/hotel-graz\/wp-content\/uploads\/2019\/12\/angebot-hotel-graz-greenrooms-gruppenreisen-busreisen-200x113.jpg 200w, https:\/\/www.greenrooms.at\/hotel-graz\/wp-content\/uploads\/2019\/12\/angebot-hotel-graz-greenrooms-gruppenreisen-busreisen-400x225.jpg 400w, https:\/\/www.greenrooms.at\/hotel-graz\/wp-content\/uploads\/2019\/12\/angebot-hotel-graz-greenrooms-gruppenreisen-busreisen-600x338.jpg 600w, https:\/\/www.greenrooms.at\/hotel-graz\/wp-content\/uploads\/2019\/12\/angebot-hotel-graz-greenrooms-gruppenreisen-busreisen-800x450.jpg 800w, https:\/\/www.greenrooms.at\/hotel-graz\/wp-content\/uploads\/2019\/12\/angebot-hotel-graz-greenrooms-gruppenreisen-busreisen.jpg 1000w\" data-sizes=\"auto\" \/><div class=\"fusion-rollover\">\n\t<div class=\"fusion-rollover-content\">\n\n\t\t\t\t\t\t\t\t\t\t\t\t\t\t<a class=\"fusion-rollover-link\" href=\"https:\/\/www.greenrooms.at\/hotel-graz\/gruppenreisen-nach-graz\/\">Gruppenreisen nach Graz<\/a>\n\t\t\t\n\t\t\t\t\t\t\t\t\t\t\t\t\t\t\n\t\t\t\t\t\t\t\t\n\t\t\t\t\t\t\t\t\t\t\t\t\t<div class=\"fusion-rollover-sep\"><\/div>\n\t\t\t\t\n\t\t\t\t\t\t\t\t\t\t\t\t\t\t\t\t\t\t<a class=\"fusion-rollover-gallery\" href=\"https:\/\/www.greenrooms.at\/hotel-graz\/wp-content\/uploads\/2019\/12\/angebot-hotel-graz-greenrooms-gruppenreisen-busreisen.jpg\" data-id=\"1512\" data-rel=\"iLightbox[gallery]\" data-title=\"Gruppenreisen und Busreisen nach Graz - Hotel Greenrooms Graz\" data-caption=\"Gruppenreisen und Busreisen nach Graz - Hotel Greenrooms Graz\">\n\t\t\t\t\t\tGallerie\t\t\t\t\t<\/a>\n\t\t\t\t\t\t\t\t\t\t\t\t\t\t\n\t\t\n\t\t\t\t\t\t\t\t\t\t\t\t<h4 class=\"fusion-rollover-title\">\n\t\t\t\t\t<a class=\"fusion-rollover-title-link\" href=\"https:\/\/www.greenrooms.at\/hotel-graz\/gruppenreisen-nach-graz\/\">\n\t\t\t\t\t\tGruppenreisen nach Graz\t\t\t\t\t<\/a>\n\t\t\t\t<\/h4>\n\t\t\t\n\t\t\t\t\t\t\t\t\t\t<div class=\"fusion-rollover-categories\"><a href=\"https:\/\/www.greenrooms.at\/hotel-graz\/category\/top-angebote\/\" rel=\"tag\">Top-Angebote<\/a><\/div>\t\t\t\t\t\n\t\t\n\t\t\t\t\t\t<a class=\"fusion-link-wrapper\" href=\"https:\/\/www.greenrooms.at\/hotel-graz\/gruppenreisen-nach-graz\/\" aria-label=\"Gruppenreisen nach Graz\"><\/a>\n\t<\/div>\n<\/div>\n<\/div>\n<\/li>\n\t\t\t\n\t\t\t\n\t\t\t\t\t\t\t\t\t\t\t\t\t\t\t\t\t\t\t\t\t\t\t\t\t\t\t\t\t\t\t\t\t\t\t\t\t\t\t\t\t\t\t\t\t\t\t\t\t\t\t\t\t\t\t\t\t\t\t\t\t\t\t\t\t\t\t\t<\/ul>\n\t<\/div>\n\t<div class=\"fusion-post-content-wrapper\" style=\"padding:30px 25px 20px 25px;\"><div class=\"fusion-post-content post-content\"><h2 class=\"blog-shortcode-post-title entry-title\"><a href=\"https:\/\/www.greenrooms.at\/hotel-graz\/gruppenreisen-nach-graz\/\">Gruppenreisen nach Graz<\/a><\/h2><\/div><\/div><div class=\"fusion-clearfix\"><\/div><\/div>\n<\/article>\n<article id=\"blog-1-post-567\" class=\"fusion-post-grid post-567 post type-post status-publish format-standard has-post-thumbnail hentry category-top-angebote tag-fruehstuecksbufett tag-graz tag-hotel tag-puntigam\">\n<div class=\"fusion-post-wrapper\" style=\"background-color:rgba(255,255,255,0);border:1px solid #ebeaea;border-bottom-width:3px;\">\n\n\t\t\t<div class=\"fusion-flexslider flexslider fusion-flexslider-loading fusion-post-slideshow\" style=\"border-color:#ebeaea;\">\n\t\t<ul class=\"slides\">\n\t\t\t\n\t\t\t\t\t\t\t\t\t\t\t\t\t\t<li><div  class=\"fusion-image-wrapper\" aria-haspopup=\"true\">\n\t\t\t\t<img decoding=\"async\" width=\"1000\" height=\"563\" src=\"https:\/\/www.greenrooms.at\/hotel-graz\/wp-content\/uploads\/2025\/02\/angebot-hotel-greenrooms-fruehstuecksbuffet-2025.jpg\" class=\"attachment-full size-full lazyload wp-post-image\" alt=\"Hotel Greenrooms - Fr\u00fchst\u00fccksbuffet\" srcset=\"data:image\/svg+xml,%3Csvg%20xmlns%3D%27http%3A%2F%2Fwww.w3.org%2F2000%2Fsvg%27%20width%3D%271000%27%20height%3D%27563%27%20viewBox%3D%270%200%201000%20563%27%3E%3Crect%20width%3D%271000%27%20height%3D%27563%27%20fill-opacity%3D%220%22%2F%3E%3C%2Fsvg%3E\" data-orig-src=\"https:\/\/www.greenrooms.at\/hotel-graz\/wp-content\/uploads\/2025\/02\/angebot-hotel-greenrooms-fruehstuecksbuffet-2025.jpg\" data-srcset=\"https:\/\/www.greenrooms.at\/hotel-graz\/wp-content\/uploads\/2025\/02\/angebot-hotel-greenrooms-fruehstuecksbuffet-2025-200x113.jpg 200w, https:\/\/www.greenrooms.at\/hotel-graz\/wp-content\/uploads\/2025\/02\/angebot-hotel-greenrooms-fruehstuecksbuffet-2025-400x225.jpg 400w, https:\/\/www.greenrooms.at\/hotel-graz\/wp-content\/uploads\/2025\/02\/angebot-hotel-greenrooms-fruehstuecksbuffet-2025-600x338.jpg 600w, https:\/\/www.greenrooms.at\/hotel-graz\/wp-content\/uploads\/2025\/02\/angebot-hotel-greenrooms-fruehstuecksbuffet-2025-800x450.jpg 800w, https:\/\/www.greenrooms.at\/hotel-graz\/wp-content\/uploads\/2025\/02\/angebot-hotel-greenrooms-fruehstuecksbuffet-2025.jpg 1000w\" data-sizes=\"auto\" \/><div class=\"fusion-rollover\">\n\t<div class=\"fusion-rollover-content\">\n\n\t\t\t\t\t\t\t\t\t\t\t\t\t\t<a class=\"fusion-rollover-link\" href=\"https:\/\/www.greenrooms.at\/hotel-graz\/hotel-topangebote-fruehstuecksbuffet-in-graz\/\">Hotel-Topangebote &#8211; Fr\u00fchst\u00fccksbuffet in Graz<\/a>\n\t\t\t\n\t\t\t\t\t\t\t\t\t\t\t\t\t\t\n\t\t\t\t\t\t\t\t\n\t\t\t\t\t\t\t\t\t\t\t\t\t<div class=\"fusion-rollover-sep\"><\/div>\n\t\t\t\t\n\t\t\t\t\t\t\t\t\t\t\t\t\t\t\t\t\t\t<a class=\"fusion-rollover-gallery\" href=\"https:\/\/www.greenrooms.at\/hotel-graz\/wp-content\/uploads\/2025\/02\/angebot-hotel-greenrooms-fruehstuecksbuffet-2025.jpg\" data-id=\"567\" data-rel=\"iLightbox[gallery]\" data-title=\"Hotel Greenrooms - Fr\u00fchst\u00fccksbuffet\" data-caption=\"Hotel Greenrooms - Fr\u00fchst\u00fccksbuffet\">\n\t\t\t\t\t\tGallerie\t\t\t\t\t<\/a>\n\t\t\t\t\t\t\t\t\t\t\t\t\t\t\n\t\t\n\t\t\t\t\t\t\t\t\t\t\t\t<h4 class=\"fusion-rollover-title\">\n\t\t\t\t\t<a class=\"fusion-rollover-title-link\" href=\"https:\/\/www.greenrooms.at\/hotel-graz\/hotel-topangebote-fruehstuecksbuffet-in-graz\/\">\n\t\t\t\t\t\tHotel-Topangebote &#8211; Fr\u00fchst\u00fccksbuffet in Graz\t\t\t\t\t<\/a>\n\t\t\t\t<\/h4>\n\t\t\t\n\t\t\t\t\t\t\t\t\t\t<div class=\"fusion-rollover-categories\"><a href=\"https:\/\/www.greenrooms.at\/hotel-graz\/category\/top-angebote\/\" rel=\"tag\">Top-Angebote<\/a><\/div>\t\t\t\t\t\n\t\t\n\t\t\t\t\t\t<a class=\"fusion-link-wrapper\" href=\"https:\/\/www.greenrooms.at\/hotel-graz\/hotel-topangebote-fruehstuecksbuffet-in-graz\/\" aria-label=\"Hotel-Topangebote &#8211; Fr\u00fchst\u00fccksbuffet in Graz\"><\/a>\n\t<\/div>\n<\/div>\n<\/div>\n<\/li>\n\t\t\t\n\t\t\t\n\t\t\t\t\t\t\t\t\t\t\t\t\t\t\t\t\t\t\t\t\t\t\t\t\t\t\t\t\t\t\t\t\t\t\t\t\t\t\t\t\t\t\t\t\t\t\t\t\t\t\t\t\t\t\t\t\t\t\t\t\t\t\t\t\t\t\t\t<\/ul>\n\t<\/div>\n\t<div class=\"fusion-post-content-wrapper\" style=\"padding:30px 25px 20px 25px;\"><div class=\"fusion-post-content post-content\"><h2 class=\"blog-shortcode-post-title entry-title\"><a href=\"https:\/\/www.greenrooms.at\/hotel-graz\/hotel-topangebote-fruehstuecksbuffet-in-graz\/\">Hotel-Topangebote &#8211; Fr\u00fchst\u00fccksbuffet in Graz<\/a><\/h2><\/div><\/div><div class=\"fusion-clearfix\"><\/div><\/div>\n<\/article>\n<div class=\"fusion-clearfix\"><\/div><\/div><\/div><div class=\"fusion-clearfix\"><\/div><\/div><\/div><\/div><\/div><div class=\"fusion-fullwidth fullwidth-box fusion-builder-row-3 hundred-percent-fullwidth non-hundred-percent-height-scrolling\" style=\"--awb-border-sizes-top:0px;--awb-border-sizes-bottom:0px;--awb-border-sizes-left:0px;--awb-border-sizes-right:0px;--awb-border-color:#000000;--awb-border-radius-top-left:0px;--awb-border-radius-top-right:0px;--awb-border-radius-bottom-right:0px;--awb-border-radius-bottom-left:0px;--awb-padding-top:0px;--awb-padding-right:0px;--awb-padding-bottom:0px;--awb-padding-left:0px;--awb-margin-top:10px;--awb-margin-bottom:0px;--awb-flex-wrap:wrap;\" ><div class=\"fusion-builder-row fusion-row\"><div class=\"fusion-layout-column fusion_builder_column fusion-builder-column-2 fusion_builder_column_1_1 1_1 fusion-one-full fusion-column-first fusion-column-last\" style=\"--awb-bg-size:cover;--awb-margin-bottom:0px;\"><div class=\"fusion-column-wrapper fusion-column-has-shadow fusion-flex-column-wrapper-legacy\">\t\t\t\t\t<script type=\"text\/javascript\">\n\t\t\t\t\t\tvar map_fusion_map_69f4a7b9c0e4b;\n\t\t\t\t\t\tvar markers = [];\n\t\t\t\t\t\tvar counter = 0;\n\t\t\t\t\t\t\t\t\t\t\t\t\t\t\t\t\t\t\t\tvar fusionMapNonce = '16819a3c6f';\n\t\t\t\t\t\t\t\t\t\t\t\tfunction fusion_run_map_fusion_map_69f4a7b9c0e4b() {\n\t\t\t\t\t\t\tjQuery('#fusion_map_69f4a7b9c0e4b').fusion_maps({\n\t\t\t\t\t\t\t\taddresses: [{\"address\":\"Rudersdorfer Stra\\u00dfe 7, 8055 Graz, \\u00d6sterreich\",\"infobox_content\":\"Rudersdorfer Stra\\u00dfe 7, 8055 Graz, \\u00d6sterreich\",\"coordinates\":false,\"cache\":true,\"latitude\":\"47.0317028\",\"longitude\":\"15.442026800000008\"}],\n\t\t\t\t\t\t\t\tanimations: true,\n\t\t\t\t\t\t\t\tinfobox_background_color: '',\n\t\t\t\t\t\t\t\tinfobox_styling: 'default',\n\t\t\t\t\t\t\t\tinfobox_text_color: '',\n\t\t\t\t\t\t\t\tmap_style: 'default',\n\t\t\t\t\t\t\t\tmap_type: 'roadmap',\n\t\t\t\t\t\t\t\tmarker_icon: '',\n\t\t\t\t\t\t\t\toverlay_color: '',\n\t\t\t\t\t\t\t\toverlay_color_hsl: {\"hue\":0,\"sat\":0,\"lum\":100},\n\t\t\t\t\t\t\t\tpan_control: true,\n\t\t\t\t\t\t\t\tshow_address: true,\n\t\t\t\t\t\t\t\tscale_control: true,\n\t\t\t\t\t\t\t\tscrollwheel: false,\n\t\t\t\t\t\t\t\tzoom: 13,\n\t\t\t\t\t\t\t\tzoom_control: true,\n\t\t\t\t\t\t\t});\n\t\t\t\t\t\t}\n\n\t\t\t\t\t\tgoogle.maps.event.addDomListener(window, 'load', fusion_run_map_fusion_map_69f4a7b9c0e4b);\n\t\t\t\t\t<\/script>\n\t\t\t\t\t<div class=\"shortcode-map fusion-google-map fusion-maps-js-type\" style=\"--awb-height:415px;\" id=\"fusion_map_69f4a7b9c0e4b\"><\/div><div class=\"fusion-clearfix\"><\/div><\/div><\/div><\/div><\/div>\n<\/p>\n","protected":false},"excerpt":{"rendered":"","protected":false},"author":1,"featured_media":0,"parent":0,"menu_order":0,"comment_status":"closed","ping_status":"closed","template":"100-width.php","meta":{"_acf_changed":false,"footnotes":""},"class_list":["post-569","page","type-page","status-publish","hentry"],"acf":[],"yoast_head":"<!-- This site is optimized with the Yoast SEO plugin v23.1 - https:\/\/yoast.com\/wordpress\/plugins\/seo\/ -->\n<title>Top Angebote - Hotel Greenrooms Graz - Gratis Parkpl\u00e4tze<\/title>\n<meta name=\"description\" content=\"Top Angebote - Hotel Greenrooms Graz - Fr\u00fchst\u00fccks-Buffet auch f\u00fcr externe G\u00e4ste - Wochenendaktionen - Hunde gratis \u00dcbernachtung - Flughafen N\u00e4he\" \/>\n<meta name=\"robots\" content=\"index, follow, max-snippet:-1, max-image-preview:large, max-video-preview:-1\" \/>\n<link rel=\"canonical\" href=\"https:\/\/www.greenrooms.at\/hotel-graz\/top-angebote-hotel-greenrooms-graz\/\" \/>\n<meta property=\"og:locale\" content=\"de_DE\" \/>\n<meta property=\"og:type\" content=\"article\" \/>\n<meta property=\"og:title\" content=\"Top Angebote - Hotel Greenrooms Graz - Gratis Parkpl\u00e4tze\" \/>\n<meta property=\"og:description\" content=\"Top Angebote - Hotel Greenrooms Graz - Fr\u00fchst\u00fccks-Buffet auch f\u00fcr externe G\u00e4ste - Wochenendaktionen - Hunde gratis \u00dcbernachtung - Flughafen N\u00e4he\" \/>\n<meta property=\"og:url\" content=\"https:\/\/www.greenrooms.at\/hotel-graz\/top-angebote-hotel-greenrooms-graz\/\" \/>\n<meta property=\"og:site_name\" content=\"Hotel Graz mit gratis Parkplatz\" \/>\n<meta property=\"article:modified_time\" content=\"2019-07-23T20:00:09+00:00\" \/>\n<meta name=\"twitter:card\" content=\"summary_large_image\" \/>\n<meta name=\"twitter:label1\" content=\"Gesch\u00e4tzte Lesezeit\" \/>\n\t<meta name=\"twitter:data1\" content=\"3\u00a0Minuten\" \/>\n<script type=\"application\/ld+json\" class=\"yoast-schema-graph\">{\"@context\":\"https:\/\/schema.org\",\"@graph\":[{\"@type\":\"WebPage\",\"@id\":\"https:\/\/www.greenrooms.at\/hotel-graz\/top-angebote-hotel-greenrooms-graz\/\",\"url\":\"https:\/\/www.greenrooms.at\/hotel-graz\/top-angebote-hotel-greenrooms-graz\/\",\"name\":\"Top Angebote - Hotel Greenrooms Graz - Gratis Parkpl\u00e4tze\",\"isPartOf\":{\"@id\":\"https:\/\/www.greenrooms.at\/hotel-graz\/#website\"},\"datePublished\":\"2019-04-10T18:20:04+00:00\",\"dateModified\":\"2019-07-23T20:00:09+00:00\",\"description\":\"Top Angebote - Hotel Greenrooms Graz - Fr\u00fchst\u00fccks-Buffet auch f\u00fcr externe G\u00e4ste - Wochenendaktionen - Hunde gratis \u00dcbernachtung - Flughafen N\u00e4he\",\"breadcrumb\":{\"@id\":\"https:\/\/www.greenrooms.at\/hotel-graz\/top-angebote-hotel-greenrooms-graz\/#breadcrumb\"},\"inLanguage\":\"de\",\"potentialAction\":[{\"@type\":\"ReadAction\",\"target\":[\"https:\/\/www.greenrooms.at\/hotel-graz\/top-angebote-hotel-greenrooms-graz\/\"]}]},{\"@type\":\"BreadcrumbList\",\"@id\":\"https:\/\/www.greenrooms.at\/hotel-graz\/top-angebote-hotel-greenrooms-graz\/#breadcrumb\",\"itemListElement\":[{\"@type\":\"ListItem\",\"position\":1,\"name\":\"Startseite\",\"item\":\"https:\/\/www.greenrooms.at\/hotel-graz\/\"},{\"@type\":\"ListItem\",\"position\":2,\"name\":\"Top Angebote &#8211; Hotel Greenrooms Graz\"}]},{\"@type\":\"WebSite\",\"@id\":\"https:\/\/www.greenrooms.at\/hotel-graz\/#website\",\"url\":\"https:\/\/www.greenrooms.at\/hotel-graz\/\",\"name\":\"Hotel Graz mit gratis Parkplatz\",\"description\":\"Greenrooms: das Grazer Hotel mit vielen Extras\",\"potentialAction\":[{\"@type\":\"SearchAction\",\"target\":{\"@type\":\"EntryPoint\",\"urlTemplate\":\"https:\/\/www.greenrooms.at\/hotel-graz\/?s={search_term_string}\"},\"query-input\":\"required name=search_term_string\"}],\"inLanguage\":\"de\"}]}<\/script>\n<!-- \/ Yoast SEO plugin. -->","yoast_head_json":{"title":"Top Angebote - Hotel Greenrooms Graz - Gratis Parkpl\u00e4tze","description":"Top Angebote - Hotel Greenrooms Graz - Fr\u00fchst\u00fccks-Buffet auch f\u00fcr externe G\u00e4ste - Wochenendaktionen - Hunde gratis \u00dcbernachtung - Flughafen N\u00e4he","robots":{"index":"index","follow":"follow","max-snippet":"max-snippet:-1","max-image-preview":"max-image-preview:large","max-video-preview":"max-video-preview:-1"},"canonical":"https:\/\/www.greenrooms.at\/hotel-graz\/top-angebote-hotel-greenrooms-graz\/","og_locale":"de_DE","og_type":"article","og_title":"Top Angebote - Hotel Greenrooms Graz - Gratis Parkpl\u00e4tze","og_description":"Top Angebote - Hotel Greenrooms Graz - Fr\u00fchst\u00fccks-Buffet auch f\u00fcr externe G\u00e4ste - Wochenendaktionen - Hunde gratis \u00dcbernachtung - Flughafen N\u00e4he","og_url":"https:\/\/www.greenrooms.at\/hotel-graz\/top-angebote-hotel-greenrooms-graz\/","og_site_name":"Hotel Graz mit gratis Parkplatz","article_modified_time":"2019-07-23T20:00:09+00:00","twitter_card":"summary_large_image","twitter_misc":{"Gesch\u00e4tzte Lesezeit":"3\u00a0Minuten"},"schema":{"@context":"https:\/\/schema.org","@graph":[{"@type":"WebPage","@id":"https:\/\/www.greenrooms.at\/hotel-graz\/top-angebote-hotel-greenrooms-graz\/","url":"https:\/\/www.greenrooms.at\/hotel-graz\/top-angebote-hotel-greenrooms-graz\/","name":"Top Angebote - Hotel Greenrooms Graz - Gratis Parkpl\u00e4tze","isPartOf":{"@id":"https:\/\/www.greenrooms.at\/hotel-graz\/#website"},"datePublished":"2019-04-10T18:20:04+00:00","dateModified":"2019-07-23T20:00:09+00:00","description":"Top Angebote - Hotel Greenrooms Graz - Fr\u00fchst\u00fccks-Buffet auch f\u00fcr externe G\u00e4ste - Wochenendaktionen - Hunde gratis \u00dcbernachtung - Flughafen N\u00e4he","breadcrumb":{"@id":"https:\/\/www.greenrooms.at\/hotel-graz\/top-angebote-hotel-greenrooms-graz\/#breadcrumb"},"inLanguage":"de","potentialAction":[{"@type":"ReadAction","target":["https:\/\/www.greenrooms.at\/hotel-graz\/top-angebote-hotel-greenrooms-graz\/"]}]},{"@type":"BreadcrumbList","@id":"https:\/\/www.greenrooms.at\/hotel-graz\/top-angebote-hotel-greenrooms-graz\/#breadcrumb","itemListElement":[{"@type":"ListItem","position":1,"name":"Startseite","item":"https:\/\/www.greenrooms.at\/hotel-graz\/"},{"@type":"ListItem","position":2,"name":"Top Angebote &#8211; Hotel Greenrooms Graz"}]},{"@type":"WebSite","@id":"https:\/\/www.greenrooms.at\/hotel-graz\/#website","url":"https:\/\/www.greenrooms.at\/hotel-graz\/","name":"Hotel Graz mit gratis Parkplatz","description":"Greenrooms: das Grazer Hotel mit vielen Extras","potentialAction":[{"@type":"SearchAction","target":{"@type":"EntryPoint","urlTemplate":"https:\/\/www.greenrooms.at\/hotel-graz\/?s={search_term_string}"},"query-input":"required name=search_term_string"}],"inLanguage":"de"}]}},"_links":{"self":[{"href":"https:\/\/www.greenrooms.at\/hotel-graz\/wp-json\/wp\/v2\/pages\/569"}],"collection":[{"href":"https:\/\/www.greenrooms.at\/hotel-graz\/wp-json\/wp\/v2\/pages"}],"about":[{"href":"https:\/\/www.greenrooms.at\/hotel-graz\/wp-json\/wp\/v2\/types\/page"}],"author":[{"embeddable":true,"href":"https:\/\/www.greenrooms.at\/hotel-graz\/wp-json\/wp\/v2\/users\/1"}],"replies":[{"embeddable":true,"href":"https:\/\/www.greenrooms.at\/hotel-graz\/wp-json\/wp\/v2\/comments?post=569"}],"version-history":[{"count":20,"href":"https:\/\/www.greenrooms.at\/hotel-graz\/wp-json\/wp\/v2\/pages\/569\/revisions"}],"predecessor-version":[{"id":571,"href":"https:\/\/www.greenrooms.at\/hotel-graz\/wp-json\/wp\/v2\/pages\/569\/revisions\/571"}],"wp:attachment":[{"href":"https:\/\/www.greenrooms.at\/hotel-graz\/wp-json\/wp\/v2\/media?parent=569"}],"curies":[{"name":"wp","href":"https:\/\/api.w.org\/{rel}","templated":true}]}}