{"id":218,"date":"2019-04-04T18:19:10","date_gmt":"2019-04-04T16:19:10","guid":{"rendered":"https:\/\/www.greenrooms.at\/hotel-graz\/?page_id=218"},"modified":"2024-07-24T15:57:46","modified_gmt":"2024-07-24T13:57:46","slug":"hotel-graz-gratis-wlan","status":"publish","type":"page","link":"https:\/\/www.greenrooms.at\/hotel-graz\/hotel-graz-gratis-wlan\/","title":{"rendered":"Hotel Graz &#8211; Gratis WLAN"},"content":{"rendered":"<p><div class=\"fusion-fullwidth fullwidth-box fusion-builder-row-1 nonhundred-percent-fullwidth non-hundred-percent-height-scrolling\" style=\"--awb-border-radius-top-left:0px;--awb-border-radius-top-right:0px;--awb-border-radius-bottom-right:0px;--awb-border-radius-bottom-left:0px;--awb-margin-top:20px;--awb-margin-bottom:20px;--awb-flex-wrap:wrap;\" ><div class=\"fusion-builder-row fusion-row\"><div class=\"fusion-layout-column fusion_builder_column fusion-builder-column-0 fusion_builder_column_3_4 3_4 fusion-three-fourth fusion-column-first\" style=\"--awb-bg-size:cover;width:75%;width:calc(75% - ( ( 4% ) * 0.75 ) );margin-right: 4%;\"><div class=\"fusion-column-wrapper fusion-column-has-shadow fusion-flex-column-wrapper-legacy\"><div class=\"fusion-title title fusion-title-1 sep-underline sep-solid fusion-title-text fusion-title-size-two\" style=\"--awb-text-color:#71ae29;--awb-margin-bottom:20px;--awb-sep-color:#373f43;\"><h2 class=\"fusion-title-heading title-heading-left\" style=\"margin:0;\">Hotel Graz: &#8211; GRATIS INTERNET im Greenrooms Hotel<\/h2><\/div><div class=\"fusion-text fusion-text-1\"><p class=\"promoHeadline\">Im Grazer Hotel Greenrooms surfen Sie v\u00f6llig kostenlos.<\/p>\n<p class=\"myNormalText\">Wir bieten unseren G\u00e4sten einen stabilen, zuverl\u00e4ssigen Internet-Zugang zum Nulltarif.<\/p>\n<p class=\"myBoldText\">Wir freuen uns schon darauf, Sie bei uns begr\u00fc\u00dfen zu d\u00fcrfen.<\/p>\n<\/div><div class=\"fusion-image-element in-legacy-container\" style=\"--awb-caption-title-font-family:var(--h2_typography-font-family);--awb-caption-title-font-weight:var(--h2_typography-font-weight);--awb-caption-title-font-style:var(--h2_typography-font-style);--awb-caption-title-size:var(--h2_typography-font-size);--awb-caption-title-transform:var(--h2_typography-text-transform);--awb-caption-title-line-height:var(--h2_typography-line-height);--awb-caption-title-letter-spacing:var(--h2_typography-letter-spacing);\"><span class=\" fusion-imageframe imageframe-none imageframe-1 hover-type-none\" style=\"border:1px solid #373f43;\"><img decoding=\"async\" width=\"1000\" height=\"563\" alt=\"Hotel Graz - Gratis WLAN\" title=\"gratis-wlan-hotel-greenrooms\" src=\"https:\/\/www.greenrooms.at\/hotel-graz\/wp-content\/uploads\/2019\/04\/gratis-wlan-hotel-greenrooms.jpg\" data-orig-src=\"https:\/\/www.greenrooms.at\/hotel-graz\/wp-content\/uploads\/2019\/04\/gratis-wlan-hotel-greenrooms.jpg\" class=\"lazyload img-responsive wp-image-221\" srcset=\"data:image\/svg+xml,%3Csvg%20xmlns%3D%27http%3A%2F%2Fwww.w3.org%2F2000%2Fsvg%27%20width%3D%271000%27%20height%3D%27563%27%20viewBox%3D%270%200%201000%20563%27%3E%3Crect%20width%3D%271000%27%20height%3D%27563%27%20fill-opacity%3D%220%22%2F%3E%3C%2Fsvg%3E\" data-srcset=\"https:\/\/www.greenrooms.at\/hotel-graz\/wp-content\/uploads\/2019\/04\/gratis-wlan-hotel-greenrooms-200x113.jpg 200w, https:\/\/www.greenrooms.at\/hotel-graz\/wp-content\/uploads\/2019\/04\/gratis-wlan-hotel-greenrooms-400x225.jpg 400w, https:\/\/www.greenrooms.at\/hotel-graz\/wp-content\/uploads\/2019\/04\/gratis-wlan-hotel-greenrooms-600x338.jpg 600w, https:\/\/www.greenrooms.at\/hotel-graz\/wp-content\/uploads\/2019\/04\/gratis-wlan-hotel-greenrooms-800x450.jpg 800w, https:\/\/www.greenrooms.at\/hotel-graz\/wp-content\/uploads\/2019\/04\/gratis-wlan-hotel-greenrooms.jpg 1000w\" data-sizes=\"auto\" data-orig-sizes=\"(max-width: 800px) 100vw, 1000px\" \/><\/span><\/div><div class=\"fusion-sep-clear\"><\/div><div class=\"fusion-separator fusion-full-width-sep\" style=\"margin-left: auto;margin-right: auto;margin-top:20px;width:100%;\"><div class=\"fusion-separator-border sep-double\" style=\"--awb-height:20px;--awb-amount:20px;border-color:#e0dede;border-top-width:1px;border-bottom-width:1px;\"><\/div><\/div><div class=\"fusion-sep-clear\"><\/div><div class=\"fusion-text fusion-text-2\"><h3>Hotel Graz &#8211; Gratis WLAN<\/h3>\n<div class=\"myNormalText2\">Im Hotel Greenrooms in Graz verf\u00fcgen alle 69 vollklimatisierten Zimmer \u00fcber kostenloses Internet. Auch der Barbereich hat schnelles Internet. Selbstverst\u00e4ndlich k\u00f6nnen unsere Hotelg\u00e4ste auch w\u00e4hrend des Fr\u00fchst\u00fccks im Internet surfen. Der gro\u00dfz\u00fcgig dimensionierte Fr\u00fchst\u00fccksbereich ist mit schnellem WLAN best\u00fcckt. Und das alles zum Nulltarif &#8211; v\u00f6llig kostenlos!<\/div>\n<p class=\"myBoldText\">Hotel Graz mit gratis Parkplatz<\/p>\n<h2>Unsere CHECK-IN und CHECK-OUT Zeiten:<\/h2>\n<p class=\"myBoldText\">CHECK-IN:<\/p>\n<p class=\"myNormalText\">Ab 14:00 bis 22:00 Uhr. Sollten Sie nach 22:00 anreisen, haben wir einen Self-Check-In-Automaten vor der Eingangst\u00fcr, \u00fcber diesen haben Sie die M\u00f6glichkeit 24 Stunden lang einzuchecken. Bitte beachten Sie, dass die Bezahlung nur mit Kreditkarte oder Bankomatkarte m\u00f6glich ist.<\/p>\n<p class=\"myBoldText\">CHECK-OUT:<\/p>\n<p class=\"myNormalText\">Bis 10:00 Uhr. Sollten Sie eine Sp\u00e4t-Abreise w\u00fcnschen, ist dies gerne nach Absprache mit dem Team m\u00f6glich, abh\u00e4ngig von der Auslastung des Hotels.<\/p>\n<p class=\"myBoldText\">Das Grazer Hotel Greenrooms ist DAS Hotel f\u00fcr jedermann oder jeden Anlass.<\/p>\n<p class=\"myNormalText\">Ein Tagesausflug nach Graz? Eine Kulturreise? Ein Betriebsausflug? Eine Gruppenreise?<\/p>\n<p class=\"myBoldText\">Dieses Grazer Hotel bietet seinen G\u00e4sten den bestm\u00f6glichen Service und den bestm\u00f6glichen Komfort in 69 Zimmern auf 4 Etagen.<\/p>\n<p class=\"myNormalText\">Hotel Graz &#8211; Gratis WLAN<\/p>\n<p class=\"myNormalText\">Wer unser Hotel kennt, ist \u00fcber die Preise, die sehr g\u00fcnstig sind, erstaunt: ein Doppelzimmer bekommen Sie schon ab \u20ac 29,90 pro Person in unserem Hotel, ein Einzelzimmer ab \u20ac 49,90 (Preise exklusive Ortstaxe)! Buchen Sie jetzt und profitieren Sie von unseren Fr\u00fchbucher-Rabatten.<\/p>\n<p class=\"myBoldText\">Online buchen: Direkt-Bucher sind BEST-PRICE-Bucher!!!<\/p>\n<p class=\"myBoldText\">\u00dcbrigens: Stornierungen sind problemlos bis sp\u00e4testens 24 Stunden vor Check-In m\u00f6glich!<\/p>\n<\/div><div class=\"fusion-clearfix\"><\/div><\/div><\/div><div class=\"fusion-layout-column fusion_builder_column fusion-builder-column-1 fusion_builder_column_1_4 1_4 fusion-one-fourth fusion-column-last\" style=\"--awb-bg-size:cover;--awb-box-shadow: 0px 0px ;;--awb-border-color:#000000;--awb-border-top:0;--awb-border-right:0;--awb-border-bottom:0;--awb-border-left:0;--awb-border-style:solid;--awb-margin-top:30px;--awb-margin-bottom:0px;width:25%;width:calc(25% - ( ( 4% ) * 0.25 ) );\"><div class=\"fusion-column-wrapper fusion-column-has-shadow fusion-flex-column-wrapper-legacy\"><div class=\"fusion-sep-clear\"><\/div><div class=\"fusion-separator fusion-full-width-sep\" style=\"margin-left: auto;margin-right: auto;margin-top:5px;width:100%;\"><\/div><div class=\"fusion-sep-clear\"><\/div><div class=\"fusion-align-block\"><a class=\"fusion-button button-flat button-small button-custom fusion-button-default button-1 fusion-button-span-yes \" style=\"--button_accent_color:#ffffff;--button_accent_hover_color:#ffffff;--button_border_hover_color:#ffffff;--button-border-radius-top-left:25px;--button-border-radius-top-right:25px;--button-border-radius-bottom-right:25px;--button-border-radius-bottom-left:25px;--button_gradient_top_color:#373f43;--button_gradient_bottom_color:#373f43;--button_gradient_top_color_hover:#71ae29;--button_gradient_bottom_color_hover:#71ae29;--button_text_transform:none;\" target=\"_self\" href=\"https:\/\/www.greenrooms.at\/hotel-graz\/hotel-graz-online-buchen\/\"><span class=\"fusion-button-text fusion-button-text-right\">ZUR DIREKT-BUCHUNG<\/span><span class=\"fusion-button-icon-divider button-icon-divider-right\"><i class=\"fa-arrow-circle-right fas\" aria-hidden=\"true\"><\/i><\/span><\/a><\/div><div class=\"fusion-sep-clear\"><\/div><div class=\"fusion-separator fusion-full-width-sep\" style=\"margin-left: auto;margin-right: auto;margin-top:50px;width:100%;\"><\/div><div class=\"fusion-sep-clear\"><\/div><div class=\"fusion-image-element fusion-image-align-center in-legacy-container\" style=\"text-align:center;--awb-caption-title-font-family:var(--h2_typography-font-family);--awb-caption-title-font-weight:var(--h2_typography-font-weight);--awb-caption-title-font-style:var(--h2_typography-font-style);--awb-caption-title-size:var(--h2_typography-font-size);--awb-caption-title-transform:var(--h2_typography-text-transform);--awb-caption-title-line-height:var(--h2_typography-line-height);--awb-caption-title-letter-spacing:var(--h2_typography-letter-spacing);\"><div class=\"imageframe-align-center\"><span class=\" fusion-imageframe imageframe-none imageframe-3 hover-type-none fusion-animated\" data-animationType=\"fadeIn\" data-animationDuration=\"1.0\" data-animationOffset=\"top-into-view\"><a class=\"fusion-no-lightbox\" href=\"https:\/\/www.greenrooms.at\/hotel-graz\/hotel-graz-gratis-parken\/\" target=\"_self\" aria-label=\"gratis-parken-hotel-greenrooms\"><img decoding=\"async\" width=\"300\" height=\"200\" alt=\"gratis-parken-hotel-greenrooms\" src=\"https:\/\/www.greenrooms.at\/hotel-graz\/wp-content\/uploads\/2019\/04\/gratis-parken-hotel-greenrooms.jpg\" data-orig-src=\"https:\/\/www.greenrooms.at\/hotel-graz\/wp-content\/uploads\/2019\/04\/gratis-parken-hotel-greenrooms.jpg\" class=\"lazyload img-responsive wp-image-89\" srcset=\"data:image\/svg+xml,%3Csvg%20xmlns%3D%27http%3A%2F%2Fwww.w3.org%2F2000%2Fsvg%27%20width%3D%27300%27%20height%3D%27200%27%20viewBox%3D%270%200%20300%20200%27%3E%3Crect%20width%3D%27300%27%20height%3D%27200%27%20fill-opacity%3D%220%22%2F%3E%3C%2Fsvg%3E\" data-srcset=\"https:\/\/www.greenrooms.at\/hotel-graz\/wp-content\/uploads\/2019\/04\/gratis-parken-hotel-greenrooms-200x133.jpg 200w, https:\/\/www.greenrooms.at\/hotel-graz\/wp-content\/uploads\/2019\/04\/gratis-parken-hotel-greenrooms.jpg 300w\" data-sizes=\"auto\" data-orig-sizes=\"(max-width: 800px) 100vw, 300px\" \/><\/a><\/span><\/div><\/div><div class=\"fusion-sep-clear\"><\/div><div class=\"fusion-separator fusion-full-width-sep\" style=\"margin-left: auto;margin-right: auto;margin-top:5px;width:100%;\"><\/div><div class=\"fusion-sep-clear\"><\/div><div class=\"fusion-align-block\"><a class=\"fusion-button button-flat button-small button-custom fusion-button-default button-2 fusion-button-span-yes \" style=\"--button_accent_color:#ffffff;--button_accent_hover_color:#ffffff;--button_border_hover_color:#ffffff;--button-border-radius-top-left:25px;--button-border-radius-top-right:25px;--button-border-radius-bottom-right:25px;--button-border-radius-bottom-left:25px;--button_gradient_top_color:#71ae29;--button_gradient_bottom_color:#71ae29;--button_gradient_top_color_hover:#373f43;--button_gradient_bottom_color_hover:#373f43;\" target=\"_self\" href=\"https:\/\/www.greenrooms.at\/hotel-graz\/hotel-graz-gratis-parken\/\"><span class=\"fusion-button-text fusion-button-text-right\">ERFAHREN SIE MEHR<\/span><span class=\"fusion-button-icon-divider button-icon-divider-right\"><i class=\"fa-arrow-circle-right fas\" aria-hidden=\"true\"><\/i><\/span><\/a><\/div><div class=\"fusion-sep-clear\"><\/div><div class=\"fusion-separator fusion-full-width-sep\" style=\"margin-left: auto;margin-right: auto;margin-top:50px;width:100%;\"><\/div><div class=\"fusion-sep-clear\"><\/div><div class=\"fusion-image-element fusion-image-align-center in-legacy-container\" style=\"text-align:center;--awb-caption-title-font-family:var(--h2_typography-font-family);--awb-caption-title-font-weight:var(--h2_typography-font-weight);--awb-caption-title-font-style:var(--h2_typography-font-style);--awb-caption-title-size:var(--h2_typography-font-size);--awb-caption-title-transform:var(--h2_typography-text-transform);--awb-caption-title-line-height:var(--h2_typography-line-height);--awb-caption-title-letter-spacing:var(--h2_typography-letter-spacing);\"><div class=\"imageframe-align-center\"><span class=\" fusion-imageframe imageframe-none imageframe-4 hover-type-none fusion-animated\" data-animationType=\"fadeIn\" data-animationDuration=\"1.0\" data-animationOffset=\"top-into-view\"><a class=\"fusion-no-lightbox\" href=\"https:\/\/www.greenrooms.at\/hotel-graz\/hunde-gratis-hotel-uebernachtung\/\" target=\"_self\" aria-label=\"hunde-uebernachten-gratis-im-hotel-greenrooms\"><img decoding=\"async\" width=\"300\" height=\"200\" alt=\"hunde-uebernachten-gratis-im-hotel-greenrooms\" src=\"https:\/\/www.greenrooms.at\/hotel-graz\/wp-content\/uploads\/2019\/04\/hunde-uebernachten-gratis-im-hotel-greenrooms.jpg\" data-orig-src=\"https:\/\/www.greenrooms.at\/hotel-graz\/wp-content\/uploads\/2019\/04\/hunde-uebernachten-gratis-im-hotel-greenrooms.jpg\" class=\"lazyload img-responsive wp-image-73\" srcset=\"data:image\/svg+xml,%3Csvg%20xmlns%3D%27http%3A%2F%2Fwww.w3.org%2F2000%2Fsvg%27%20width%3D%27300%27%20height%3D%27200%27%20viewBox%3D%270%200%20300%20200%27%3E%3Crect%20width%3D%27300%27%20height%3D%27200%27%20fill-opacity%3D%220%22%2F%3E%3C%2Fsvg%3E\" data-srcset=\"https:\/\/www.greenrooms.at\/hotel-graz\/wp-content\/uploads\/2019\/04\/hunde-uebernachten-gratis-im-hotel-greenrooms-200x133.jpg 200w, https:\/\/www.greenrooms.at\/hotel-graz\/wp-content\/uploads\/2019\/04\/hunde-uebernachten-gratis-im-hotel-greenrooms.jpg 300w\" data-sizes=\"auto\" data-orig-sizes=\"(max-width: 800px) 100vw, 300px\" \/><\/a><\/span><\/div><\/div><div class=\"fusion-sep-clear\"><\/div><div class=\"fusion-separator fusion-full-width-sep\" style=\"margin-left: auto;margin-right: auto;margin-top:5px;width:100%;\"><\/div><div class=\"fusion-sep-clear\"><\/div><div class=\"fusion-align-block\"><a class=\"fusion-button button-flat button-small button-custom fusion-button-default button-3 fusion-button-span-yes \" style=\"--button_accent_color:#ffffff;--button_accent_hover_color:#ffffff;--button_border_hover_color:#ffffff;--button-border-radius-top-left:25px;--button-border-radius-top-right:25px;--button-border-radius-bottom-right:25px;--button-border-radius-bottom-left:25px;--button_gradient_top_color:#373f43;--button_gradient_bottom_color:#373f43;--button_gradient_top_color_hover:#71ae29;--button_gradient_bottom_color_hover:#71ae29;\" target=\"_self\" href=\"https:\/\/www.greenrooms.at\/hotel-graz\/hunde-gratis-hotel-uebernachtung\/\"><span class=\"fusion-button-text fusion-button-text-right\">ERFAHREN SIE MEHR<\/span><span class=\"fusion-button-icon-divider button-icon-divider-right\"><i class=\"fa-arrow-circle-right fas\" aria-hidden=\"true\"><\/i><\/span><\/a><\/div><div class=\"fusion-sep-clear\"><\/div><div class=\"fusion-separator fusion-full-width-sep\" style=\"margin-left: auto;margin-right: auto;margin-top:50px;width:100%;\"><\/div><div class=\"fusion-sep-clear\"><\/div><div class=\"fusion-clearfix\"><\/div><\/div><\/div>\n<\/div><\/div><div class=\"fusion-fullwidth fullwidth-box fusion-builder-row-2 nonhundred-percent-fullwidth non-hundred-percent-height-scrolling\" style=\"--awb-border-radius-top-left:0px;--awb-border-radius-top-right:0px;--awb-border-radius-bottom-right:0px;--awb-border-radius-bottom-left:0px;--awb-margin-top:20px;--awb-flex-wrap:wrap;\" ><div class=\"fusion-builder-row fusion-row\"><div class=\"fusion-layout-column fusion_builder_column fusion-builder-column-2 fusion_builder_column_1_1 1_1 fusion-one-full fusion-column-first fusion-column-last\" style=\"--awb-bg-size:cover;\"><div class=\"fusion-column-wrapper fusion-column-has-shadow fusion-flex-column-wrapper-legacy\"><div class=\"fusion-text fusion-text-3\"><p class=\"myBoldText\">Kulinarische Empfehlungen f\u00fcr Graz:<\/p>\n<div class=\"myRec\"><a href=\"https:\/\/www.weinco.at\/filiale\/graz-joanneumring-9361\" target=\"_blank\" rel=\"noopener noreferrer\">Wein &amp; Co<\/a><\/div>\n<div class=\"myRec\"><a title=\"Restaurant Scheucher Graz\" href=\"https:\/\/www.restaurant-scheucher.at\/\" target=\"_blank\" rel=\"noopener noreferrer\">Restaurant Scheucher Graz<\/a><\/div>\n<\/div><div class=\"fusion-clearfix\"><\/div><\/div><\/div><\/div><\/div><div class=\"fusion-fullwidth fullwidth-box fusion-builder-row-3 hundred-percent-fullwidth non-hundred-percent-height-scrolling\" style=\"--awb-border-sizes-top:0px;--awb-border-sizes-bottom:0px;--awb-border-sizes-left:0px;--awb-border-sizes-right:0px;--awb-border-color:#000000;--awb-border-radius-top-left:0px;--awb-border-radius-top-right:0px;--awb-border-radius-bottom-right:0px;--awb-border-radius-bottom-left:0px;--awb-padding-top:0px;--awb-padding-right:0px;--awb-padding-bottom:0px;--awb-padding-left:0px;--awb-margin-top:10px;--awb-margin-bottom:0px;--awb-flex-wrap:wrap;\" ><div class=\"fusion-builder-row fusion-row\"><div class=\"fusion-layout-column fusion_builder_column fusion-builder-column-3 fusion_builder_column_1_1 1_1 fusion-one-full fusion-column-first fusion-column-last\" style=\"--awb-bg-size:cover;--awb-margin-bottom:0px;\"><div class=\"fusion-column-wrapper fusion-column-has-shadow fusion-flex-column-wrapper-legacy\">\t\t\t\t\t<script type=\"text\/javascript\">\n\t\t\t\t\t\tvar map_fusion_map_69f4a7a3459f0;\n\t\t\t\t\t\tvar markers = [];\n\t\t\t\t\t\tvar counter = 0;\n\t\t\t\t\t\t\t\t\t\t\t\t\t\t\t\t\t\t\t\tvar fusionMapNonce = '16819a3c6f';\n\t\t\t\t\t\t\t\t\t\t\t\tfunction fusion_run_map_fusion_map_69f4a7a3459f0() {\n\t\t\t\t\t\t\tjQuery('#fusion_map_69f4a7a3459f0').fusion_maps({\n\t\t\t\t\t\t\t\taddresses: [{\"address\":\"Rudersdorfer Stra\\u00dfe 7, 8055 Graz, \\u00d6sterreich\",\"infobox_content\":\"Rudersdorfer Stra\\u00dfe 7, 8055 Graz, \\u00d6sterreich\",\"coordinates\":false,\"cache\":true,\"latitude\":\"47.0317028\",\"longitude\":\"15.442026800000008\"}],\n\t\t\t\t\t\t\t\tanimations: true,\n\t\t\t\t\t\t\t\tinfobox_background_color: '',\n\t\t\t\t\t\t\t\tinfobox_styling: 'default',\n\t\t\t\t\t\t\t\tinfobox_text_color: '',\n\t\t\t\t\t\t\t\tmap_style: 'default',\n\t\t\t\t\t\t\t\tmap_type: 'roadmap',\n\t\t\t\t\t\t\t\tmarker_icon: '',\n\t\t\t\t\t\t\t\toverlay_color: '',\n\t\t\t\t\t\t\t\toverlay_color_hsl: {\"hue\":0,\"sat\":0,\"lum\":100},\n\t\t\t\t\t\t\t\tpan_control: true,\n\t\t\t\t\t\t\t\tshow_address: true,\n\t\t\t\t\t\t\t\tscale_control: true,\n\t\t\t\t\t\t\t\tscrollwheel: false,\n\t\t\t\t\t\t\t\tzoom: 13,\n\t\t\t\t\t\t\t\tzoom_control: true,\n\t\t\t\t\t\t\t});\n\t\t\t\t\t\t}\n\n\t\t\t\t\t\tgoogle.maps.event.addDomListener(window, 'load', fusion_run_map_fusion_map_69f4a7a3459f0);\n\t\t\t\t\t<\/script>\n\t\t\t\t\t<div class=\"shortcode-map fusion-google-map fusion-maps-js-type\" style=\"--awb-height:415px;\" id=\"fusion_map_69f4a7a3459f0\"><\/div><div class=\"fusion-clearfix\"><\/div><\/div><\/div><\/div><\/div>\n<\/p>\n","protected":false},"excerpt":{"rendered":"","protected":false},"author":1,"featured_media":0,"parent":0,"menu_order":0,"comment_status":"closed","ping_status":"closed","template":"100-width.php","meta":{"_acf_changed":false,"footnotes":""},"class_list":["post-218","page","type-page","status-publish","hentry"],"acf":[],"yoast_head":"<!-- This site is optimized with the Yoast SEO plugin v23.1 - https:\/\/yoast.com\/wordpress\/plugins\/seo\/ -->\n<title>Hotel Graz - Gratis WLAN - Gratis Internet - Hotel Greenrooms -<\/title>\n<meta name=\"description\" content=\"Hotel Graz - Gratis WLAN- Flughafen N\u00e4he - gratis Parkpl\u00e4tze - Greenrooms - Hunde n\u00e4chtigen gratis - Hunde \u00dcbernachtung kostenlos - Steiermark\" \/>\n<meta name=\"robots\" content=\"index, follow, max-snippet:-1, max-image-preview:large, max-video-preview:-1\" \/>\n<link rel=\"canonical\" href=\"https:\/\/www.greenrooms.at\/hotel-graz\/hotel-graz-gratis-wlan\/\" \/>\n<meta property=\"og:locale\" content=\"de_DE\" \/>\n<meta property=\"og:type\" content=\"article\" \/>\n<meta property=\"og:title\" content=\"Hotel Graz - Gratis WLAN - Gratis Internet - Hotel Greenrooms -\" \/>\n<meta property=\"og:description\" content=\"Hotel Graz - Gratis WLAN- Flughafen N\u00e4he - gratis Parkpl\u00e4tze - Greenrooms - Hunde n\u00e4chtigen gratis - Hunde \u00dcbernachtung kostenlos - Steiermark\" \/>\n<meta property=\"og:url\" content=\"https:\/\/www.greenrooms.at\/hotel-graz\/hotel-graz-gratis-wlan\/\" \/>\n<meta property=\"og:site_name\" content=\"Hotel Graz mit gratis Parkplatz\" \/>\n<meta property=\"article:modified_time\" content=\"2024-07-24T13:57:46+00:00\" \/>\n<meta name=\"twitter:card\" content=\"summary_large_image\" \/>\n<meta name=\"twitter:label1\" content=\"Gesch\u00e4tzte Lesezeit\" \/>\n\t<meta name=\"twitter:data1\" content=\"3\u00a0Minuten\" \/>\n<script type=\"application\/ld+json\" class=\"yoast-schema-graph\">{\"@context\":\"https:\/\/schema.org\",\"@graph\":[{\"@type\":\"WebPage\",\"@id\":\"https:\/\/www.greenrooms.at\/hotel-graz\/hotel-graz-gratis-wlan\/\",\"url\":\"https:\/\/www.greenrooms.at\/hotel-graz\/hotel-graz-gratis-wlan\/\",\"name\":\"Hotel Graz - Gratis WLAN - Gratis Internet - Hotel Greenrooms -\",\"isPartOf\":{\"@id\":\"https:\/\/www.greenrooms.at\/hotel-graz\/#website\"},\"datePublished\":\"2019-04-04T16:19:10+00:00\",\"dateModified\":\"2024-07-24T13:57:46+00:00\",\"description\":\"Hotel Graz - Gratis WLAN- Flughafen N\u00e4he - gratis Parkpl\u00e4tze - Greenrooms - Hunde n\u00e4chtigen gratis - Hunde \u00dcbernachtung kostenlos - Steiermark\",\"breadcrumb\":{\"@id\":\"https:\/\/www.greenrooms.at\/hotel-graz\/hotel-graz-gratis-wlan\/#breadcrumb\"},\"inLanguage\":\"de\",\"potentialAction\":[{\"@type\":\"ReadAction\",\"target\":[\"https:\/\/www.greenrooms.at\/hotel-graz\/hotel-graz-gratis-wlan\/\"]}]},{\"@type\":\"BreadcrumbList\",\"@id\":\"https:\/\/www.greenrooms.at\/hotel-graz\/hotel-graz-gratis-wlan\/#breadcrumb\",\"itemListElement\":[{\"@type\":\"ListItem\",\"position\":1,\"name\":\"Startseite\",\"item\":\"https:\/\/www.greenrooms.at\/hotel-graz\/\"},{\"@type\":\"ListItem\",\"position\":2,\"name\":\"Hotel Graz &#8211; Gratis WLAN\"}]},{\"@type\":\"WebSite\",\"@id\":\"https:\/\/www.greenrooms.at\/hotel-graz\/#website\",\"url\":\"https:\/\/www.greenrooms.at\/hotel-graz\/\",\"name\":\"Hotel Graz mit gratis Parkplatz\",\"description\":\"Greenrooms: das Grazer Hotel mit vielen Extras\",\"potentialAction\":[{\"@type\":\"SearchAction\",\"target\":{\"@type\":\"EntryPoint\",\"urlTemplate\":\"https:\/\/www.greenrooms.at\/hotel-graz\/?s={search_term_string}\"},\"query-input\":\"required name=search_term_string\"}],\"inLanguage\":\"de\"}]}<\/script>\n<!-- \/ Yoast SEO plugin. -->","yoast_head_json":{"title":"Hotel Graz - Gratis WLAN - Gratis Internet - Hotel Greenrooms -","description":"Hotel Graz - Gratis WLAN- Flughafen N\u00e4he - gratis Parkpl\u00e4tze - Greenrooms - Hunde n\u00e4chtigen gratis - Hunde \u00dcbernachtung kostenlos - Steiermark","robots":{"index":"index","follow":"follow","max-snippet":"max-snippet:-1","max-image-preview":"max-image-preview:large","max-video-preview":"max-video-preview:-1"},"canonical":"https:\/\/www.greenrooms.at\/hotel-graz\/hotel-graz-gratis-wlan\/","og_locale":"de_DE","og_type":"article","og_title":"Hotel Graz - Gratis WLAN - Gratis Internet - Hotel Greenrooms -","og_description":"Hotel Graz - Gratis WLAN- Flughafen N\u00e4he - gratis Parkpl\u00e4tze - Greenrooms - Hunde n\u00e4chtigen gratis - Hunde \u00dcbernachtung kostenlos - Steiermark","og_url":"https:\/\/www.greenrooms.at\/hotel-graz\/hotel-graz-gratis-wlan\/","og_site_name":"Hotel Graz mit gratis Parkplatz","article_modified_time":"2024-07-24T13:57:46+00:00","twitter_card":"summary_large_image","twitter_misc":{"Gesch\u00e4tzte Lesezeit":"3\u00a0Minuten"},"schema":{"@context":"https:\/\/schema.org","@graph":[{"@type":"WebPage","@id":"https:\/\/www.greenrooms.at\/hotel-graz\/hotel-graz-gratis-wlan\/","url":"https:\/\/www.greenrooms.at\/hotel-graz\/hotel-graz-gratis-wlan\/","name":"Hotel Graz - Gratis WLAN - Gratis Internet - Hotel Greenrooms -","isPartOf":{"@id":"https:\/\/www.greenrooms.at\/hotel-graz\/#website"},"datePublished":"2019-04-04T16:19:10+00:00","dateModified":"2024-07-24T13:57:46+00:00","description":"Hotel Graz - Gratis WLAN- Flughafen N\u00e4he - gratis Parkpl\u00e4tze - Greenrooms - Hunde n\u00e4chtigen gratis - Hunde \u00dcbernachtung kostenlos - Steiermark","breadcrumb":{"@id":"https:\/\/www.greenrooms.at\/hotel-graz\/hotel-graz-gratis-wlan\/#breadcrumb"},"inLanguage":"de","potentialAction":[{"@type":"ReadAction","target":["https:\/\/www.greenrooms.at\/hotel-graz\/hotel-graz-gratis-wlan\/"]}]},{"@type":"BreadcrumbList","@id":"https:\/\/www.greenrooms.at\/hotel-graz\/hotel-graz-gratis-wlan\/#breadcrumb","itemListElement":[{"@type":"ListItem","position":1,"name":"Startseite","item":"https:\/\/www.greenrooms.at\/hotel-graz\/"},{"@type":"ListItem","position":2,"name":"Hotel Graz &#8211; Gratis WLAN"}]},{"@type":"WebSite","@id":"https:\/\/www.greenrooms.at\/hotel-graz\/#website","url":"https:\/\/www.greenrooms.at\/hotel-graz\/","name":"Hotel Graz mit gratis Parkplatz","description":"Greenrooms: das Grazer Hotel mit vielen Extras","potentialAction":[{"@type":"SearchAction","target":{"@type":"EntryPoint","urlTemplate":"https:\/\/www.greenrooms.at\/hotel-graz\/?s={search_term_string}"},"query-input":"required name=search_term_string"}],"inLanguage":"de"}]}},"_links":{"self":[{"href":"https:\/\/www.greenrooms.at\/hotel-graz\/wp-json\/wp\/v2\/pages\/218"}],"collection":[{"href":"https:\/\/www.greenrooms.at\/hotel-graz\/wp-json\/wp\/v2\/pages"}],"about":[{"href":"https:\/\/www.greenrooms.at\/hotel-graz\/wp-json\/wp\/v2\/types\/page"}],"author":[{"embeddable":true,"href":"https:\/\/www.greenrooms.at\/hotel-graz\/wp-json\/wp\/v2\/users\/1"}],"replies":[{"embeddable":true,"href":"https:\/\/www.greenrooms.at\/hotel-graz\/wp-json\/wp\/v2\/comments?post=218"}],"version-history":[{"count":14,"href":"https:\/\/www.greenrooms.at\/hotel-graz\/wp-json\/wp\/v2\/pages\/218\/revisions"}],"predecessor-version":[{"id":1932,"href":"https:\/\/www.greenrooms.at\/hotel-graz\/wp-json\/wp\/v2\/pages\/218\/revisions\/1932"}],"wp:attachment":[{"href":"https:\/\/www.greenrooms.at\/hotel-graz\/wp-json\/wp\/v2\/media?parent=218"}],"curies":[{"name":"wp","href":"https:\/\/api.w.org\/{rel}","templated":true}]}}