{"id":175,"date":"2019-04-04T16:04:28","date_gmt":"2019-04-04T14:04:28","guid":{"rendered":"https:\/\/www.greenrooms.at\/hotel-graz\/?page_id=175"},"modified":"2019-07-23T17:28:37","modified_gmt":"2019-07-23T15:28:37","slug":"hotel-graz-greenrooms-impressum","status":"publish","type":"page","link":"https:\/\/www.greenrooms.at\/hotel-graz\/hotel-graz-greenrooms-impressum\/","title":{"rendered":"Hotel Graz  Greenrooms &#8211; Impressum"},"content":{"rendered":"<p><div class=\"fusion-fullwidth fullwidth-box fusion-builder-row-1 nonhundred-percent-fullwidth non-hundred-percent-height-scrolling\" style=\"--awb-border-radius-top-left:0px;--awb-border-radius-top-right:0px;--awb-border-radius-bottom-right:0px;--awb-border-radius-bottom-left:0px;--awb-padding-top:20px;--awb-flex-wrap:wrap;\" ><div class=\"fusion-builder-row fusion-row\"><div class=\"fusion-layout-column fusion_builder_column fusion-builder-column-0 fusion_builder_column_1_1 1_1 fusion-one-full fusion-column-first fusion-column-last\" style=\"--awb-bg-size:cover;\"><div class=\"fusion-column-wrapper fusion-column-has-shadow fusion-flex-column-wrapper-legacy\"><div class=\"fusion-title title fusion-title-1 sep-underline sep-solid fusion-title-text fusion-title-size-one\" style=\"--awb-text-color:#71ae29;--awb-margin-bottom:20px;--awb-sep-color:#373f43;\"><h1 class=\"fusion-title-heading title-heading-left\" style=\"margin:0;\">HOTEL GRAZ: GREENROOMS &#8211; IMPRESSUM<\/h1><\/div><div class=\"fusion-clearfix\"><\/div><\/div><\/div><\/div><\/div><div class=\"fusion-fullwidth fullwidth-box fusion-builder-row-2 nonhundred-percent-fullwidth non-hundred-percent-height-scrolling\" style=\"--awb-border-radius-top-left:0px;--awb-border-radius-top-right:0px;--awb-border-radius-bottom-right:0px;--awb-border-radius-bottom-left:0px;--awb-flex-wrap:wrap;\" ><div class=\"fusion-builder-row fusion-row\"><div class=\"fusion-layout-column fusion_builder_column fusion-builder-column-1 fusion_builder_column_1_3 1_3 fusion-one-third fusion-column-first\" style=\"--awb-bg-size:cover;width:33.333333333333%;width:calc(33.333333333333% - ( ( 4% ) * 0.33333333333333 ) );margin-right: 4%;\"><div class=\"fusion-column-wrapper fusion-column-has-shadow fusion-flex-column-wrapper-legacy\"><div class=\"fusion-text fusion-text-1\"><p class=\"myBoldText\">greenrooms GmbH<br \/>\nRudersdorfer Stra\u00dfe 7<br \/>\nA-8055 Graz<\/p>\n<p class=\"myBoldText\">Tel.: +43 (0) 316 \/ 29 15 18<br \/>\nFax +43 (0) 316 \/ 29 15 18 &#8211; 20<br \/>\nE-Mail: office@greenrooms.at<\/p>\n<p class=\"myBoldText\">FN: 340551k<br \/>\nUID: ATU 65477557<\/p>\n<\/div><div class=\"fusion-clearfix\"><\/div><\/div><\/div><div class=\"fusion-layout-column fusion_builder_column fusion-builder-column-2 fusion_builder_column_2_3 2_3 fusion-two-third fusion-column-last\" style=\"--awb-bg-size:cover;--awb-border-color:#000000;--awb-border-top:1px;--awb-border-right:1px;--awb-border-bottom:1px;--awb-border-left:1px;--awb-border-style:solid;width:66.666666666667%;width:calc(66.666666666667% - ( ( 4% ) * 0.66666666666667 ) );\"><div class=\"fusion-column-wrapper fusion-column-has-shadow fusion-flex-column-wrapper-legacy\">\t\t\t\t\t<script type=\"text\/javascript\">\n\t\t\t\t\t\tvar map_fusion_map_69e1999fe79c8;\n\t\t\t\t\t\tvar markers = [];\n\t\t\t\t\t\tvar counter = 0;\n\t\t\t\t\t\t\t\t\t\t\t\t\t\t\t\t\t\t\t\tvar fusionMapNonce = 'e113659ac0';\n\t\t\t\t\t\t\t\t\t\t\t\tfunction fusion_run_map_fusion_map_69e1999fe79c8() {\n\t\t\t\t\t\t\tjQuery('#fusion_map_69e1999fe79c8').fusion_maps({\n\t\t\t\t\t\t\t\taddresses: [{\"address\":\"Rudersdorfer Stra\\u00df 7, 8055 Graz, \\u00d6sterreich\",\"infobox_content\":\"Rudersdorfer Stra\\u00df 7, 8055 Graz, \\u00d6sterreich\",\"coordinates\":false,\"cache\":true,\"latitude\":\"47.0317028\",\"longitude\":\"15.442026800000008\"}],\n\t\t\t\t\t\t\t\tanimations: false,\n\t\t\t\t\t\t\t\tinfobox_background_color: '',\n\t\t\t\t\t\t\t\tinfobox_styling: 'default',\n\t\t\t\t\t\t\t\tinfobox_text_color: '',\n\t\t\t\t\t\t\t\tmap_style: 'default',\n\t\t\t\t\t\t\t\tmap_type: 'roadmap',\n\t\t\t\t\t\t\t\tmarker_icon: '',\n\t\t\t\t\t\t\t\toverlay_color: '',\n\t\t\t\t\t\t\t\toverlay_color_hsl: {\"hue\":0,\"sat\":0,\"lum\":100},\n\t\t\t\t\t\t\t\tpan_control: true,\n\t\t\t\t\t\t\t\tshow_address: true,\n\t\t\t\t\t\t\t\tscale_control: true,\n\t\t\t\t\t\t\t\tscrollwheel: false,\n\t\t\t\t\t\t\t\tzoom: 13,\n\t\t\t\t\t\t\t\tzoom_control: true,\n\t\t\t\t\t\t\t});\n\t\t\t\t\t\t}\n\n\t\t\t\t\t\tgoogle.maps.event.addDomListener(window, 'load', fusion_run_map_fusion_map_69e1999fe79c8);\n\t\t\t\t\t<\/script>\n\t\t\t\t\t<div class=\"shortcode-map fusion-google-map fusion-maps-js-type\" style=\"--awb-height:400px;\" id=\"fusion_map_69e1999fe79c8\"><\/div><div class=\"fusion-clearfix\"><\/div><\/div><\/div><\/div><\/div><\/p>\n","protected":false},"excerpt":{"rendered":"","protected":false},"author":1,"featured_media":0,"parent":0,"menu_order":0,"comment_status":"closed","ping_status":"closed","template":"100-width.php","meta":{"_acf_changed":false,"footnotes":""},"class_list":["post-175","page","type-page","status-publish","hentry"],"acf":[],"yoast_head":"<!-- This site is optimized with the Yoast SEO plugin v23.1 - https:\/\/yoast.com\/wordpress\/plugins\/seo\/ -->\n<title>Hotel Graz Greenrooms - Impressum - Flughafen N\u00e4he<\/title>\n<meta name=\"description\" content=\"Hotel Graz Puntigam - Hunde gratis \u00dcbernachtung - Flughafen N\u00e4he - gratis parken - Hotel Greenrooms Impressum - Steiermark - \u00d6sterreich\" \/>\n<meta name=\"robots\" content=\"index, follow, max-snippet:-1, max-image-preview:large, max-video-preview:-1\" \/>\n<link rel=\"canonical\" href=\"https:\/\/www.greenrooms.at\/hotel-graz\/hotel-graz-greenrooms-impressum\/\" \/>\n<meta property=\"og:locale\" content=\"de_DE\" \/>\n<meta property=\"og:type\" content=\"article\" \/>\n<meta property=\"og:title\" content=\"Hotel Graz Greenrooms - Impressum - Flughafen N\u00e4he\" \/>\n<meta property=\"og:description\" content=\"Hotel Graz Puntigam - Hunde gratis \u00dcbernachtung - Flughafen N\u00e4he - gratis parken - Hotel Greenrooms Impressum - Steiermark - \u00d6sterreich\" \/>\n<meta property=\"og:url\" content=\"https:\/\/www.greenrooms.at\/hotel-graz\/hotel-graz-greenrooms-impressum\/\" \/>\n<meta property=\"og:site_name\" content=\"Hotel Graz mit gratis Parkplatz\" \/>\n<meta property=\"article:modified_time\" content=\"2019-07-23T15:28:37+00:00\" \/>\n<meta name=\"twitter:card\" content=\"summary_large_image\" \/>\n<meta name=\"twitter:label1\" content=\"Gesch\u00e4tzte Lesezeit\" \/>\n\t<meta name=\"twitter:data1\" content=\"3\u00a0Minuten\" \/>\n<script type=\"application\/ld+json\" class=\"yoast-schema-graph\">{\"@context\":\"https:\/\/schema.org\",\"@graph\":[{\"@type\":\"WebPage\",\"@id\":\"https:\/\/www.greenrooms.at\/hotel-graz\/hotel-graz-greenrooms-impressum\/\",\"url\":\"https:\/\/www.greenrooms.at\/hotel-graz\/hotel-graz-greenrooms-impressum\/\",\"name\":\"Hotel Graz Greenrooms - Impressum - Flughafen N\u00e4he\",\"isPartOf\":{\"@id\":\"https:\/\/www.greenrooms.at\/hotel-graz\/#website\"},\"datePublished\":\"2019-04-04T14:04:28+00:00\",\"dateModified\":\"2019-07-23T15:28:37+00:00\",\"description\":\"Hotel Graz Puntigam - Hunde gratis \u00dcbernachtung - Flughafen N\u00e4he - gratis parken - Hotel Greenrooms Impressum - Steiermark - \u00d6sterreich\",\"breadcrumb\":{\"@id\":\"https:\/\/www.greenrooms.at\/hotel-graz\/hotel-graz-greenrooms-impressum\/#breadcrumb\"},\"inLanguage\":\"de\",\"potentialAction\":[{\"@type\":\"ReadAction\",\"target\":[\"https:\/\/www.greenrooms.at\/hotel-graz\/hotel-graz-greenrooms-impressum\/\"]}]},{\"@type\":\"BreadcrumbList\",\"@id\":\"https:\/\/www.greenrooms.at\/hotel-graz\/hotel-graz-greenrooms-impressum\/#breadcrumb\",\"itemListElement\":[{\"@type\":\"ListItem\",\"position\":1,\"name\":\"Startseite\",\"item\":\"https:\/\/www.greenrooms.at\/hotel-graz\/\"},{\"@type\":\"ListItem\",\"position\":2,\"name\":\"Hotel Graz Greenrooms &#8211; Impressum\"}]},{\"@type\":\"WebSite\",\"@id\":\"https:\/\/www.greenrooms.at\/hotel-graz\/#website\",\"url\":\"https:\/\/www.greenrooms.at\/hotel-graz\/\",\"name\":\"Hotel Graz mit gratis Parkplatz\",\"description\":\"Greenrooms: das Grazer Hotel mit vielen Extras\",\"potentialAction\":[{\"@type\":\"SearchAction\",\"target\":{\"@type\":\"EntryPoint\",\"urlTemplate\":\"https:\/\/www.greenrooms.at\/hotel-graz\/?s={search_term_string}\"},\"query-input\":\"required name=search_term_string\"}],\"inLanguage\":\"de\"}]}<\/script>\n<!-- \/ Yoast SEO plugin. -->","yoast_head_json":{"title":"Hotel Graz Greenrooms - Impressum - Flughafen N\u00e4he","description":"Hotel Graz Puntigam - Hunde gratis \u00dcbernachtung - Flughafen N\u00e4he - gratis parken - Hotel Greenrooms Impressum - Steiermark - \u00d6sterreich","robots":{"index":"index","follow":"follow","max-snippet":"max-snippet:-1","max-image-preview":"max-image-preview:large","max-video-preview":"max-video-preview:-1"},"canonical":"https:\/\/www.greenrooms.at\/hotel-graz\/hotel-graz-greenrooms-impressum\/","og_locale":"de_DE","og_type":"article","og_title":"Hotel Graz Greenrooms - Impressum - Flughafen N\u00e4he","og_description":"Hotel Graz Puntigam - Hunde gratis \u00dcbernachtung - Flughafen N\u00e4he - gratis parken - Hotel Greenrooms Impressum - Steiermark - \u00d6sterreich","og_url":"https:\/\/www.greenrooms.at\/hotel-graz\/hotel-graz-greenrooms-impressum\/","og_site_name":"Hotel Graz mit gratis Parkplatz","article_modified_time":"2019-07-23T15:28:37+00:00","twitter_card":"summary_large_image","twitter_misc":{"Gesch\u00e4tzte Lesezeit":"3\u00a0Minuten"},"schema":{"@context":"https:\/\/schema.org","@graph":[{"@type":"WebPage","@id":"https:\/\/www.greenrooms.at\/hotel-graz\/hotel-graz-greenrooms-impressum\/","url":"https:\/\/www.greenrooms.at\/hotel-graz\/hotel-graz-greenrooms-impressum\/","name":"Hotel Graz Greenrooms - Impressum - Flughafen N\u00e4he","isPartOf":{"@id":"https:\/\/www.greenrooms.at\/hotel-graz\/#website"},"datePublished":"2019-04-04T14:04:28+00:00","dateModified":"2019-07-23T15:28:37+00:00","description":"Hotel Graz Puntigam - Hunde gratis \u00dcbernachtung - Flughafen N\u00e4he - gratis parken - Hotel Greenrooms Impressum - Steiermark - \u00d6sterreich","breadcrumb":{"@id":"https:\/\/www.greenrooms.at\/hotel-graz\/hotel-graz-greenrooms-impressum\/#breadcrumb"},"inLanguage":"de","potentialAction":[{"@type":"ReadAction","target":["https:\/\/www.greenrooms.at\/hotel-graz\/hotel-graz-greenrooms-impressum\/"]}]},{"@type":"BreadcrumbList","@id":"https:\/\/www.greenrooms.at\/hotel-graz\/hotel-graz-greenrooms-impressum\/#breadcrumb","itemListElement":[{"@type":"ListItem","position":1,"name":"Startseite","item":"https:\/\/www.greenrooms.at\/hotel-graz\/"},{"@type":"ListItem","position":2,"name":"Hotel Graz Greenrooms &#8211; Impressum"}]},{"@type":"WebSite","@id":"https:\/\/www.greenrooms.at\/hotel-graz\/#website","url":"https:\/\/www.greenrooms.at\/hotel-graz\/","name":"Hotel Graz mit gratis Parkplatz","description":"Greenrooms: das Grazer Hotel mit vielen Extras","potentialAction":[{"@type":"SearchAction","target":{"@type":"EntryPoint","urlTemplate":"https:\/\/www.greenrooms.at\/hotel-graz\/?s={search_term_string}"},"query-input":"required name=search_term_string"}],"inLanguage":"de"}]}},"_links":{"self":[{"href":"https:\/\/www.greenrooms.at\/hotel-graz\/wp-json\/wp\/v2\/pages\/175"}],"collection":[{"href":"https:\/\/www.greenrooms.at\/hotel-graz\/wp-json\/wp\/v2\/pages"}],"about":[{"href":"https:\/\/www.greenrooms.at\/hotel-graz\/wp-json\/wp\/v2\/types\/page"}],"author":[{"embeddable":true,"href":"https:\/\/www.greenrooms.at\/hotel-graz\/wp-json\/wp\/v2\/users\/1"}],"replies":[{"embeddable":true,"href":"https:\/\/www.greenrooms.at\/hotel-graz\/wp-json\/wp\/v2\/comments?post=175"}],"version-history":[{"count":8,"href":"https:\/\/www.greenrooms.at\/hotel-graz\/wp-json\/wp\/v2\/pages\/175\/revisions"}],"predecessor-version":[{"id":1288,"href":"https:\/\/www.greenrooms.at\/hotel-graz\/wp-json\/wp\/v2\/pages\/175\/revisions\/1288"}],"wp:attachment":[{"href":"https:\/\/www.greenrooms.at\/hotel-graz\/wp-json\/wp\/v2\/media?parent=175"}],"curies":[{"name":"wp","href":"https:\/\/api.w.org\/{rel}","templated":true}]}}