{"id":166,"date":"2019-04-04T15:41:36","date_gmt":"2019-04-04T13:41:36","guid":{"rendered":"https:\/\/www.greenrooms.at\/hotel-graz\/?page_id=166"},"modified":"2019-07-19T17:30:07","modified_gmt":"2019-07-19T15:30:07","slug":"hotel-graz-puntigam-hunde-gratis-uebernachtung-flughafen-naehe-gratis-parken-hotel-greenrooms-dsgvo","status":"publish","type":"page","link":"https:\/\/www.greenrooms.at\/hotel-graz\/hotel-graz-puntigam-hunde-gratis-uebernachtung-flughafen-naehe-gratis-parken-hotel-greenrooms-dsgvo\/","title":{"rendered":"Hotel Graz  Puntigam &#8211; Hunde gratis \u00dcbernachtung &#8211; Flughafen N\u00e4he &#8211; gratis parken &#8211; Hotel Greenrooms DSGVO"},"content":{"rendered":"<p><div class=\"fusion-fullwidth fullwidth-box fusion-builder-row-1 nonhundred-percent-fullwidth non-hundred-percent-height-scrolling\" style=\"--awb-border-radius-top-left:0px;--awb-border-radius-top-right:0px;--awb-border-radius-bottom-right:0px;--awb-border-radius-bottom-left:0px;--awb-padding-top:20px;--awb-flex-wrap:wrap;\" ><div class=\"fusion-builder-row fusion-row\"><div class=\"fusion-layout-column fusion_builder_column fusion-builder-column-0 fusion_builder_column_1_1 1_1 fusion-one-full fusion-column-first fusion-column-last\" style=\"--awb-bg-size:cover;\"><div class=\"fusion-column-wrapper fusion-column-has-shadow fusion-flex-column-wrapper-legacy\"><div class=\"fusion-title title fusion-title-1 sep-underline sep-solid fusion-title-text fusion-title-size-one\" style=\"--awb-text-color:#71ae29;--awb-margin-bottom:20px;--awb-sep-color:#373f43;\"><h1 class=\"fusion-title-heading title-heading-left\" style=\"margin:0;\">HOTEL GRAZ: DSGVO &#8211; Greenrooms<\/h1><\/div><div class=\"fusion-clearfix\"><\/div><\/div><\/div><\/div><\/div><div class=\"fusion-fullwidth fullwidth-box fusion-builder-row-2 nonhundred-percent-fullwidth non-hundred-percent-height-scrolling\" style=\"--awb-border-radius-top-left:0px;--awb-border-radius-top-right:0px;--awb-border-radius-bottom-right:0px;--awb-border-radius-bottom-left:0px;--awb-flex-wrap:wrap;\" ><div class=\"fusion-builder-row fusion-row\"><div class=\"fusion-layout-column fusion_builder_column fusion-builder-column-1 fusion_builder_column_1_1 1_1 fusion-one-full fusion-column-first fusion-column-last\" style=\"--awb-bg-size:cover;\"><div class=\"fusion-column-wrapper fusion-column-has-shadow fusion-flex-column-wrapper-legacy\"><div class=\"fusion-text fusion-text-1\"><p class=\"myPrivateDataHeadline1\">Erkl\u00e4rung zur Informationspflicht<\/p>\n<p class=\"myPrivateDataHeadline2\">(Datenschutzerkl\u00e4rung)<\/p>\n<p class=\"myPrivateDataTextNormal\">Der Schutz Ihrer pers\u00f6nlichen Daten ist uns ein besonderes Anliegen. Wir verarbeiten<br \/>\nIhre Daten daher ausschlie\u00dflich auf Grundlage der gesetzlichen Bestimmungen (DSGVO, TKG 2003). In diesen Datenschutzinformationen informieren wir Sie \u00fcber die wichtigsten Aspekte der Datenverarbeitung im Rahmen unserer Website.<\/p>\n<p class=\"myPrivateDataSubHeader\">Kontakt mit uns<\/p>\n<p class=\"myPrivateDataTextNormal\">Wenn Sie per Formular auf der Website oder per E-Mail Kontakt mit uns aufnehmen, werden Ihre angegebenen Daten zwecks Bearbeitung der Anfrage und f\u00fcr den Fall von Anschlussfragen sechs Monate bei uns gespeichert. Diese Daten geben wir nicht ohne Ihre Einwilligung weiter.<\/p>\n<p class=\"myPrivateDataSubHeader\">Datenspeicherung<\/p>\n<p class=\"myPrivateDataTextNormal\">Wir weisen darauf hin, dass zum Zweck des einfacheren Einkaufsvorganges und zur sp\u00e4teren Vertragsabwicklung vom Webshop-Betreiber im Rahmen von Cookies die IPDaten des Anschlussinhabers gespeichert werden, ebenso wie Name, Anschrift und Kreditkartennummer des K\u00e4ufers. Die von Ihnen bereit gestellten Daten sind<br \/>\nzur Vertragserf\u00fcllung bzw zur Durchf\u00fchrung vorvertraglicher Ma\u00dfnahmen erforderlich. Ohne diese Daten k\u00f6nnen wir den Vertrag mit Ihnen nicht abschlie\u00dfen. Eine Daten\u00fcbermittlung an Dritte erfolgt nicht, mit Ausnahme der \u00dcbermittlung der Kreditkartendaten an die abwickelnden Bankinstitute\/Zahlungsdienstleister zum Zwecke der Abbuchung des Einkaufspreises, an das von uns beauftragte Transportunternehmen\/Versandunternehmen zur Zustellung der Ware sowie an unseren Steuerberater zur Erf\u00fcllung unserer steuerrechtlichen Verpflichtungen. Nach Abbruch des Einkaufsvorganges werden die bei uns gespeicherten Daten gel\u00f6scht. Im Falle eines Vertragsabschlusses werden s\u00e4mtliche Daten aus dem Vertragsverh\u00e4ltnis bis zum Ablauf der steuerrechtlichen Aufbewahrungsfrist (7 Jahre) gespeichert. Die Daten Name, Anschrift, gekaufte Waren und Kaufdatum werden dar\u00fcber hinaus gehend bis zum Ablauf der Produkthaftung (10 Jahre) gespeichert. Die Datenverarbeitung erfolgt<br \/>\nauf Basis der gesetzlichen Bestimmungen des \u00a7 96 Abs 3 TKG sowie des Art 6 Abs 1 lit a (Einwilligung) und\/oder lit b (notwendig zur Vertragserf\u00fcllung) der DSGVO.<\/p>\n<p class=\"myPrivateDataSubHeader\">Cookies<\/p>\n<p class=\"myPrivateDataTextNormal\">Unsere Website verwendet so genannte Cookies. Dabei handelt es sich um kleine Textdateien, die mit Hilfe des Browsers auf Ihrem Endger\u00e4t abgelegt werden. Sie richten keinen Schaden an. Wir nutzen Cookies dazu, unser Angebot nutzerfreundlich zu gestalten. Einige Cookies bleiben auf Ihrem Endger\u00e4t gespeichert, bis Sie diese l\u00f6schen. Sie erm\u00f6glichen es uns, Ihren Browser beim n\u00e4chsten Besuch wiederzuerkennen. Wenn Sie dies nicht w\u00fcnschen, so k\u00f6nnen Sie Ihren Browser so einrichten, dass er Sie \u00fcber das Setzen von Cookies informiert und Sie dies nur im Einzelfall erlauben. Bei der Deaktivierung von Cookies kann die Funktionalit\u00e4t unserer Website eingeschr\u00e4nkt sein.<\/p>\n<p class=\"myPrivateDataSubHeader\">Web-Analyse<\/p>\n<p class=\"myPrivateDataTextNormal\">Unsere Website verwendet Funktionen des Webanalysedienstes Google Analytics (Webanalysedienst der Google LLC (\u201eGoogle\u201c)). Google verwendet Cookies. Die durch das Cookie erzeugten Informationen \u00fcber Benutzung des Onlineangebotes durch die Nutzer werden in der Regel an einen Server von Google in den USA \u00fcbertragen und dort gespeichert. Dazu werden Cookies verwendet, die eine Analyse der Benutzung der Website durch Ihre Benutzer erm\u00f6glicht. Die dadurch erzeugten Informationen werden auf den Server des Anbieters \u00fcbertragen und dort gespeichert. Sie k\u00f6nnen dies verhindern, indem Sie Ihren Browser so einrichten, dass keine Cookies gespeichert werden. Wir haben mit dem Anbieter einen entsprechenden Vertrag zur Auftragsdatenverarbeitung abgeschlossen. Nutzung von IP-Adressen auf Basis der Rechtsgrundlage \u201eberechtigtes Interesse\u201c; in diesem Fall wird eine Pseudonymisierung empfohlen: Ihre IP-Adresse wird erfasst, aber<br \/>\numgehend [zB durch L\u00f6schung der letzten 8 Bit] pseudonymisiert. Dadurch ist nur mehr eine grobe Lokalisierung m\u00f6glich.<br \/>\nDie Beziehung zum Webanalyseanbieter basiert auf \u201ePrivacy Shield\u201c. Die Datenverarbeitung erfolgt auf Basis der gesetzlichen Bestimmungen des \u00a7 96 Abs 3 TKG sowie des Art 6 Abs 1 lit a (Einwilligung) und\/oder f (berechtigtes Interesse) der DSGVO.<br \/>\nUnser Anliegen im Sinne der DSGVO (berechtigtes Interesse) ist die Verbesserung unseres Angebotes und unseres Webauftritts. Da uns die Privatsph\u00e4re unserer Nutzer wichtig ist, werden die Nutzerdaten pseudonymisiert.<\/p>\n<p class=\"myPrivateDataSubHeader\">Ihre Rechte<\/p>\n<p class=\"myPrivateDataTextNormal\">Ihnen stehen grunds\u00e4tzlich die Rechte auf Auskunft, Berichtigung, L\u00f6schung, Einschr\u00e4nkung, Daten\u00fcbertragbarkeit, Widerruf und Widerspruch zu. Wenn Sie glauben, dass die Verarbeitung Ihrer Daten gegen das Datenschutzrecht verst\u00f6\u00dft oder Ihre datenschutzrechtlichen Anspr\u00fcche sonst in einer Weise verletzt worden sind, k\u00f6nnen Sie sich bei der Aufsichtsbeh\u00f6rde beschweren. In \u00d6sterreich ist dies die Datenschutzbeh\u00f6rde.<\/p>\n<p class=\"myPrivateDataSubHeader\">Sie erreichen uns unter folgenden Kontaktdaten:<\/p>\n<p class=\"myPrivateDataTextNormal\">greenrooms GmbH<br \/>\nRudersdorfer Stra\u00dfe 7<br \/>\nA-8055 Graz<br \/>\nEmail:office@www.greenrooms.at<br \/>\nTelefon: +43 (0) 316 \/ 29 15 18<\/p>\n<p class=\"myPrivateDataTextNormal\">Stand: Dezember 2017<\/p>\n<\/div><div class=\"fusion-clearfix\"><\/div><\/div><\/div><\/div><\/div><div class=\"fusion-fullwidth fullwidth-box fusion-builder-row-3 hundred-percent-fullwidth non-hundred-percent-height-scrolling\" style=\"--awb-border-sizes-top:0px;--awb-border-sizes-bottom:0px;--awb-border-sizes-left:0px;--awb-border-sizes-right:0px;--awb-border-color:#000000;--awb-border-radius-top-left:0px;--awb-border-radius-top-right:0px;--awb-border-radius-bottom-right:0px;--awb-border-radius-bottom-left:0px;--awb-padding-top:0px;--awb-padding-right:0px;--awb-padding-bottom:0px;--awb-padding-left:0px;--awb-margin-top:10px;--awb-margin-bottom:0px;--awb-flex-wrap:wrap;\" ><div class=\"fusion-builder-row fusion-row\"><div class=\"fusion-layout-column fusion_builder_column fusion-builder-column-2 fusion_builder_column_1_1 1_1 fusion-one-full fusion-column-first fusion-column-last\" style=\"--awb-bg-size:cover;--awb-margin-bottom:0px;\"><div class=\"fusion-column-wrapper fusion-column-has-shadow fusion-flex-column-wrapper-legacy\">\t\t\t\t\t<script type=\"text\/javascript\">\n\t\t\t\t\t\tvar map_fusion_map_69f4a7a33beec;\n\t\t\t\t\t\tvar markers = [];\n\t\t\t\t\t\tvar counter = 0;\n\t\t\t\t\t\t\t\t\t\t\t\t\t\t\t\t\t\t\t\tvar fusionMapNonce = '16819a3c6f';\n\t\t\t\t\t\t\t\t\t\t\t\tfunction fusion_run_map_fusion_map_69f4a7a33beec() {\n\t\t\t\t\t\t\tjQuery('#fusion_map_69f4a7a33beec').fusion_maps({\n\t\t\t\t\t\t\t\taddresses: [{\"address\":\"Rudersdorfer Stra\\u00dfe 7, 8055 Graz, \\u00d6sterreich\",\"infobox_content\":\"Rudersdorfer Stra\\u00dfe 7, 8055 Graz, \\u00d6sterreich\",\"coordinates\":false,\"cache\":true,\"latitude\":\"47.0317028\",\"longitude\":\"15.442026800000008\"}],\n\t\t\t\t\t\t\t\tanimations: true,\n\t\t\t\t\t\t\t\tinfobox_background_color: '',\n\t\t\t\t\t\t\t\tinfobox_styling: 'default',\n\t\t\t\t\t\t\t\tinfobox_text_color: '',\n\t\t\t\t\t\t\t\tmap_style: 'default',\n\t\t\t\t\t\t\t\tmap_type: 'roadmap',\n\t\t\t\t\t\t\t\tmarker_icon: '',\n\t\t\t\t\t\t\t\toverlay_color: '',\n\t\t\t\t\t\t\t\toverlay_color_hsl: {\"hue\":0,\"sat\":0,\"lum\":100},\n\t\t\t\t\t\t\t\tpan_control: true,\n\t\t\t\t\t\t\t\tshow_address: true,\n\t\t\t\t\t\t\t\tscale_control: true,\n\t\t\t\t\t\t\t\tscrollwheel: false,\n\t\t\t\t\t\t\t\tzoom: 13,\n\t\t\t\t\t\t\t\tzoom_control: true,\n\t\t\t\t\t\t\t});\n\t\t\t\t\t\t}\n\n\t\t\t\t\t\tgoogle.maps.event.addDomListener(window, 'load', fusion_run_map_fusion_map_69f4a7a33beec);\n\t\t\t\t\t<\/script>\n\t\t\t\t\t<div class=\"shortcode-map fusion-google-map fusion-maps-js-type\" style=\"--awb-height:415px;\" id=\"fusion_map_69f4a7a33beec\"><\/div><div class=\"fusion-clearfix\"><\/div><\/div><\/div><\/div><\/div>\n<\/p>\n","protected":false},"excerpt":{"rendered":"","protected":false},"author":1,"featured_media":0,"parent":0,"menu_order":0,"comment_status":"closed","ping_status":"closed","template":"100-width.php","meta":{"_acf_changed":false,"footnotes":""},"class_list":["post-166","page","type-page","status-publish","hentry"],"acf":[],"yoast_head":"<!-- This site is optimized with the Yoast SEO plugin v23.1 - https:\/\/yoast.com\/wordpress\/plugins\/seo\/ -->\n<title>Hotel Graz Puntigam - Hunde gratis \u00dcbernachtung - Flughafen N\u00e4he - gratis parken - Hotel Greenrooms DSGVO - Hotel Graz mit gratis Parkplatz<\/title>\n<meta name=\"description\" content=\"Hotel Graz Puntigam - Hunde gratis \u00dcbernachtung - Flughafen N\u00e4he - gratis parken - Hotel Greenrooms DSGVO - Steiermark - \u00d6sterreich\" \/>\n<meta name=\"robots\" content=\"index, follow, max-snippet:-1, max-image-preview:large, max-video-preview:-1\" \/>\n<link rel=\"canonical\" href=\"https:\/\/www.greenrooms.at\/hotel-graz\/hotel-graz-puntigam-hunde-gratis-uebernachtung-flughafen-naehe-gratis-parken-hotel-greenrooms-dsgvo\/\" \/>\n<meta property=\"og:locale\" content=\"de_DE\" \/>\n<meta property=\"og:type\" content=\"article\" \/>\n<meta property=\"og:title\" content=\"Hotel Graz Puntigam - Hunde gratis \u00dcbernachtung - Flughafen N\u00e4he - gratis parken - Hotel Greenrooms DSGVO - Hotel Graz mit gratis Parkplatz\" \/>\n<meta property=\"og:description\" content=\"Hotel Graz Puntigam - Hunde gratis \u00dcbernachtung - Flughafen N\u00e4he - gratis parken - Hotel Greenrooms DSGVO - Steiermark - \u00d6sterreich\" \/>\n<meta property=\"og:url\" content=\"https:\/\/www.greenrooms.at\/hotel-graz\/hotel-graz-puntigam-hunde-gratis-uebernachtung-flughafen-naehe-gratis-parken-hotel-greenrooms-dsgvo\/\" \/>\n<meta property=\"og:site_name\" content=\"Hotel Graz mit gratis Parkplatz\" \/>\n<meta property=\"article:modified_time\" content=\"2019-07-19T15:30:07+00:00\" \/>\n<meta name=\"twitter:card\" content=\"summary_large_image\" \/>\n<meta name=\"twitter:label1\" content=\"Gesch\u00e4tzte Lesezeit\" \/>\n\t<meta name=\"twitter:data1\" content=\"6\u00a0Minuten\" \/>\n<script type=\"application\/ld+json\" class=\"yoast-schema-graph\">{\"@context\":\"https:\/\/schema.org\",\"@graph\":[{\"@type\":\"WebPage\",\"@id\":\"https:\/\/www.greenrooms.at\/hotel-graz\/hotel-graz-puntigam-hunde-gratis-uebernachtung-flughafen-naehe-gratis-parken-hotel-greenrooms-dsgvo\/\",\"url\":\"https:\/\/www.greenrooms.at\/hotel-graz\/hotel-graz-puntigam-hunde-gratis-uebernachtung-flughafen-naehe-gratis-parken-hotel-greenrooms-dsgvo\/\",\"name\":\"Hotel Graz Puntigam - Hunde gratis \u00dcbernachtung - Flughafen N\u00e4he - gratis parken - Hotel Greenrooms DSGVO - Hotel Graz mit gratis Parkplatz\",\"isPartOf\":{\"@id\":\"https:\/\/www.greenrooms.at\/hotel-graz\/#website\"},\"datePublished\":\"2019-04-04T13:41:36+00:00\",\"dateModified\":\"2019-07-19T15:30:07+00:00\",\"description\":\"Hotel Graz Puntigam - Hunde gratis \u00dcbernachtung - Flughafen N\u00e4he - gratis parken - Hotel Greenrooms DSGVO - Steiermark - \u00d6sterreich\",\"breadcrumb\":{\"@id\":\"https:\/\/www.greenrooms.at\/hotel-graz\/hotel-graz-puntigam-hunde-gratis-uebernachtung-flughafen-naehe-gratis-parken-hotel-greenrooms-dsgvo\/#breadcrumb\"},\"inLanguage\":\"de\",\"potentialAction\":[{\"@type\":\"ReadAction\",\"target\":[\"https:\/\/www.greenrooms.at\/hotel-graz\/hotel-graz-puntigam-hunde-gratis-uebernachtung-flughafen-naehe-gratis-parken-hotel-greenrooms-dsgvo\/\"]}]},{\"@type\":\"BreadcrumbList\",\"@id\":\"https:\/\/www.greenrooms.at\/hotel-graz\/hotel-graz-puntigam-hunde-gratis-uebernachtung-flughafen-naehe-gratis-parken-hotel-greenrooms-dsgvo\/#breadcrumb\",\"itemListElement\":[{\"@type\":\"ListItem\",\"position\":1,\"name\":\"Startseite\",\"item\":\"https:\/\/www.greenrooms.at\/hotel-graz\/\"},{\"@type\":\"ListItem\",\"position\":2,\"name\":\"Hotel Graz Puntigam &#8211; Hunde gratis \u00dcbernachtung &#8211; Flughafen N\u00e4he &#8211; gratis parken &#8211; Hotel Greenrooms DSGVO\"}]},{\"@type\":\"WebSite\",\"@id\":\"https:\/\/www.greenrooms.at\/hotel-graz\/#website\",\"url\":\"https:\/\/www.greenrooms.at\/hotel-graz\/\",\"name\":\"Hotel Graz mit gratis Parkplatz\",\"description\":\"Greenrooms: das Grazer Hotel mit vielen Extras\",\"potentialAction\":[{\"@type\":\"SearchAction\",\"target\":{\"@type\":\"EntryPoint\",\"urlTemplate\":\"https:\/\/www.greenrooms.at\/hotel-graz\/?s={search_term_string}\"},\"query-input\":\"required name=search_term_string\"}],\"inLanguage\":\"de\"}]}<\/script>\n<!-- \/ Yoast SEO plugin. -->","yoast_head_json":{"title":"Hotel Graz Puntigam - Hunde gratis \u00dcbernachtung - Flughafen N\u00e4he - gratis parken - Hotel Greenrooms DSGVO - Hotel Graz mit gratis Parkplatz","description":"Hotel Graz Puntigam - Hunde gratis \u00dcbernachtung - Flughafen N\u00e4he - gratis parken - Hotel Greenrooms DSGVO - Steiermark - \u00d6sterreich","robots":{"index":"index","follow":"follow","max-snippet":"max-snippet:-1","max-image-preview":"max-image-preview:large","max-video-preview":"max-video-preview:-1"},"canonical":"https:\/\/www.greenrooms.at\/hotel-graz\/hotel-graz-puntigam-hunde-gratis-uebernachtung-flughafen-naehe-gratis-parken-hotel-greenrooms-dsgvo\/","og_locale":"de_DE","og_type":"article","og_title":"Hotel Graz Puntigam - Hunde gratis \u00dcbernachtung - Flughafen N\u00e4he - gratis parken - Hotel Greenrooms DSGVO - Hotel Graz mit gratis Parkplatz","og_description":"Hotel Graz Puntigam - Hunde gratis \u00dcbernachtung - Flughafen N\u00e4he - gratis parken - Hotel Greenrooms DSGVO - Steiermark - \u00d6sterreich","og_url":"https:\/\/www.greenrooms.at\/hotel-graz\/hotel-graz-puntigam-hunde-gratis-uebernachtung-flughafen-naehe-gratis-parken-hotel-greenrooms-dsgvo\/","og_site_name":"Hotel Graz mit gratis Parkplatz","article_modified_time":"2019-07-19T15:30:07+00:00","twitter_card":"summary_large_image","twitter_misc":{"Gesch\u00e4tzte Lesezeit":"6\u00a0Minuten"},"schema":{"@context":"https:\/\/schema.org","@graph":[{"@type":"WebPage","@id":"https:\/\/www.greenrooms.at\/hotel-graz\/hotel-graz-puntigam-hunde-gratis-uebernachtung-flughafen-naehe-gratis-parken-hotel-greenrooms-dsgvo\/","url":"https:\/\/www.greenrooms.at\/hotel-graz\/hotel-graz-puntigam-hunde-gratis-uebernachtung-flughafen-naehe-gratis-parken-hotel-greenrooms-dsgvo\/","name":"Hotel Graz Puntigam - Hunde gratis \u00dcbernachtung - Flughafen N\u00e4he - gratis parken - Hotel Greenrooms DSGVO - Hotel Graz mit gratis Parkplatz","isPartOf":{"@id":"https:\/\/www.greenrooms.at\/hotel-graz\/#website"},"datePublished":"2019-04-04T13:41:36+00:00","dateModified":"2019-07-19T15:30:07+00:00","description":"Hotel Graz Puntigam - Hunde gratis \u00dcbernachtung - Flughafen N\u00e4he - gratis parken - Hotel Greenrooms DSGVO - Steiermark - \u00d6sterreich","breadcrumb":{"@id":"https:\/\/www.greenrooms.at\/hotel-graz\/hotel-graz-puntigam-hunde-gratis-uebernachtung-flughafen-naehe-gratis-parken-hotel-greenrooms-dsgvo\/#breadcrumb"},"inLanguage":"de","potentialAction":[{"@type":"ReadAction","target":["https:\/\/www.greenrooms.at\/hotel-graz\/hotel-graz-puntigam-hunde-gratis-uebernachtung-flughafen-naehe-gratis-parken-hotel-greenrooms-dsgvo\/"]}]},{"@type":"BreadcrumbList","@id":"https:\/\/www.greenrooms.at\/hotel-graz\/hotel-graz-puntigam-hunde-gratis-uebernachtung-flughafen-naehe-gratis-parken-hotel-greenrooms-dsgvo\/#breadcrumb","itemListElement":[{"@type":"ListItem","position":1,"name":"Startseite","item":"https:\/\/www.greenrooms.at\/hotel-graz\/"},{"@type":"ListItem","position":2,"name":"Hotel Graz Puntigam &#8211; Hunde gratis \u00dcbernachtung &#8211; Flughafen N\u00e4he &#8211; gratis parken &#8211; Hotel Greenrooms DSGVO"}]},{"@type":"WebSite","@id":"https:\/\/www.greenrooms.at\/hotel-graz\/#website","url":"https:\/\/www.greenrooms.at\/hotel-graz\/","name":"Hotel Graz mit gratis Parkplatz","description":"Greenrooms: das Grazer Hotel mit vielen Extras","potentialAction":[{"@type":"SearchAction","target":{"@type":"EntryPoint","urlTemplate":"https:\/\/www.greenrooms.at\/hotel-graz\/?s={search_term_string}"},"query-input":"required name=search_term_string"}],"inLanguage":"de"}]}},"_links":{"self":[{"href":"https:\/\/www.greenrooms.at\/hotel-graz\/wp-json\/wp\/v2\/pages\/166"}],"collection":[{"href":"https:\/\/www.greenrooms.at\/hotel-graz\/wp-json\/wp\/v2\/pages"}],"about":[{"href":"https:\/\/www.greenrooms.at\/hotel-graz\/wp-json\/wp\/v2\/types\/page"}],"author":[{"embeddable":true,"href":"https:\/\/www.greenrooms.at\/hotel-graz\/wp-json\/wp\/v2\/users\/1"}],"replies":[{"embeddable":true,"href":"https:\/\/www.greenrooms.at\/hotel-graz\/wp-json\/wp\/v2\/comments?post=166"}],"version-history":[{"count":5,"href":"https:\/\/www.greenrooms.at\/hotel-graz\/wp-json\/wp\/v2\/pages\/166\/revisions"}],"predecessor-version":[{"id":168,"href":"https:\/\/www.greenrooms.at\/hotel-graz\/wp-json\/wp\/v2\/pages\/166\/revisions\/168"}],"wp:attachment":[{"href":"https:\/\/www.greenrooms.at\/hotel-graz\/wp-json\/wp\/v2\/media?parent=166"}],"curies":[{"name":"wp","href":"https:\/\/api.w.org\/{rel}","templated":true}]}}